{"id":41,"date":"2019-04-08T14:29:32","date_gmt":"2019-04-08T12:29:32","guid":{"rendered":"https:\/\/zem.utcluj.ro\/2019\/?page_id=41"},"modified":"2019-04-14T19:27:03","modified_gmt":"2019-04-14T17:27:03","slug":"realizari-in-domeniul-mecatronicii","status":"publish","type":"page","link":"https:\/\/zem.utcluj.ro\/2019\/sectiuni-concurs\/realizari-in-domeniul-mecatronicii\/","title":{"rendered":"Realiz\u0103ri \u00een domeniul Mecatronicii"},"content":{"rendered":"\n<h3 class=\"wp-block-heading\">Concurs Na\u021bional de Realiz\u0103ri \u00een Domeniul Mecatronicii<\/h3>\n\n\n\n<p style=\"text-align:left\">Concursul urm\u0103re\u0219te stimularea abilit\u0103\u021bilor studen\u021bilor privind realizarea practic\u0103 de produse sau sisteme mecatronice (proiectare, realizare, programare, control). Participan\u021bii pot lucra independent sau \u00een echipe, iar realizarea practic\u0103 trebuie prezentat\u0103 \u0219i sus\u021binut\u0103 \u00een fa\u021ba unei comisii de concurs. Cele mai bune realiz\u0103ri vor fi premiate.<\/p>\n\n\n\n<p style=\"text-align:left\">Concursul este adresat studen\u021bilor de la specializ\u0103rile de Mecatronic\u0103, nivel licen\u021b\u0103 \u0219i master. Fiecare universitate poate participa cu maxim trei produse\/realiz\u0103ri. Selec\u021bia sistemelor (realiz\u0103rilor) ce vor fi prezentate \u00een concurs revine departamentelor de specialitate care conduc aceste specializ\u0103ri.<br>&nbsp;<\/p>\n\n\n\n<ul class=\"wp-block-gallery aligncenter columns-2 is-cropped wp-block-gallery-1 is-layout-flex wp-block-gallery-is-layout-flex\"><li class=\"blocks-gallery-item\"><figure><a href=\"https:\/\/zem.utcluj.ro\/2019\/wp-content\/uploads\/2019\/04\/real_1-1024x768.jpg\"><img loading=\"lazy\" decoding=\"async\" width=\"1024\" height=\"768\" src=\"https:\/\/zem.utcluj.ro\/2019\/wp-content\/uploads\/2019\/04\/real_1-1024x768.jpg\" alt=\"\" data-id=\"418\" data-link=\"https:\/\/zem.utcluj.ro\/2019\/sectiuni-concurs\/realizari-in-domeniul-mecatronicii\/real_1\/\" class=\"wp-image-418\" srcset=\"https:\/\/zem.utcluj.ro\/2019\/wp-content\/uploads\/2019\/04\/real_1-1024x768.jpg 1024w, https:\/\/zem.utcluj.ro\/2019\/wp-content\/uploads\/2019\/04\/real_1-300x225.jpg 300w, https:\/\/zem.utcluj.ro\/2019\/wp-content\/uploads\/2019\/04\/real_1-768x576.jpg 768w, https:\/\/zem.utcluj.ro\/2019\/wp-content\/uploads\/2019\/04\/real_1-1440x1080.jpg 1440w\" sizes=\"auto, (max-width: 1024px) 100vw, 1024px\" \/><\/a><\/figure><\/li><li class=\"blocks-gallery-item\"><figure><a href=\"https:\/\/zem.utcluj.ro\/2019\/wp-content\/uploads\/2019\/04\/real_2-1024x768.jpg\"><img loading=\"lazy\" decoding=\"async\" width=\"1024\" height=\"768\" src=\"https:\/\/zem.utcluj.ro\/2019\/wp-content\/uploads\/2019\/04\/real_2-1024x768.jpg\" alt=\"\" data-id=\"419\" data-link=\"https:\/\/zem.utcluj.ro\/2019\/sectiuni-concurs\/realizari-in-domeniul-mecatronicii\/real_2\/\" class=\"wp-image-419\" srcset=\"https:\/\/zem.utcluj.ro\/2019\/wp-content\/uploads\/2019\/04\/real_2-1024x768.jpg 1024w, https:\/\/zem.utcluj.ro\/2019\/wp-content\/uploads\/2019\/04\/real_2-300x225.jpg 300w, https:\/\/zem.utcluj.ro\/2019\/wp-content\/uploads\/2019\/04\/real_2-768x576.jpg 768w, https:\/\/zem.utcluj.ro\/2019\/wp-content\/uploads\/2019\/04\/real_2-1440x1080.jpg 1440w\" sizes=\"auto, (max-width: 1024px) 100vw, 1024px\" \/><\/a><\/figure><\/li><li class=\"blocks-gallery-item\"><figure><a href=\"https:\/\/zem.utcluj.ro\/2019\/wp-content\/uploads\/2019\/04\/real_3-1024x768.jpg\"><img loading=\"lazy\" decoding=\"async\" width=\"1024\" height=\"768\" src=\"https:\/\/zem.utcluj.ro\/2019\/wp-content\/uploads\/2019\/04\/real_3-1024x768.jpg\" alt=\"\" data-id=\"420\" data-link=\"https:\/\/zem.utcluj.ro\/2019\/sectiuni-concurs\/realizari-in-domeniul-mecatronicii\/real_3\/\" class=\"wp-image-420\" srcset=\"https:\/\/zem.utcluj.ro\/2019\/wp-content\/uploads\/2019\/04\/real_3-1024x768.jpg 1024w, https:\/\/zem.utcluj.ro\/2019\/wp-content\/uploads\/2019\/04\/real_3-300x225.jpg 300w, https:\/\/zem.utcluj.ro\/2019\/wp-content\/uploads\/2019\/04\/real_3-768x576.jpg 768w, https:\/\/zem.utcluj.ro\/2019\/wp-content\/uploads\/2019\/04\/real_3-1440x1080.jpg 1440w\" sizes=\"auto, (max-width: 1024px) 100vw, 1024px\" \/><\/a><\/figure><\/li><li class=\"blocks-gallery-item\"><figure><a href=\"https:\/\/zem.utcluj.ro\/2019\/wp-content\/uploads\/2019\/04\/real_4-1024x768.jpg\"><img loading=\"lazy\" decoding=\"async\" width=\"1024\" height=\"768\" src=\"https:\/\/zem.utcluj.ro\/2019\/wp-content\/uploads\/2019\/04\/real_4-1024x768.jpg\" alt=\"\" data-id=\"421\" data-link=\"https:\/\/zem.utcluj.ro\/2019\/sectiuni-concurs\/realizari-in-domeniul-mecatronicii\/real_4\/\" class=\"wp-image-421\" srcset=\"https:\/\/zem.utcluj.ro\/2019\/wp-content\/uploads\/2019\/04\/real_4-1024x768.jpg 1024w, https:\/\/zem.utcluj.ro\/2019\/wp-content\/uploads\/2019\/04\/real_4-300x225.jpg 300w, https:\/\/zem.utcluj.ro\/2019\/wp-content\/uploads\/2019\/04\/real_4-768x576.jpg 768w, https:\/\/zem.utcluj.ro\/2019\/wp-content\/uploads\/2019\/04\/real_4-1440x1080.jpg 1440w\" sizes=\"auto, (max-width: 1024px) 100vw, 1024px\" \/><\/a><\/figure><\/li><\/ul>\n","protected":false},"excerpt":{"rendered":"<p>Concurs Na\u021bional de Realiz\u0103ri \u00een Domeniul Mecatronicii Concursul urm\u0103re\u0219te stimularea abilit\u0103\u021bilor studen\u021bilor privind realizarea practic\u0103 de produse sau sisteme mecatronice (proiectare, realizare, programare, control). Participan\u021bii pot lucra independent sau \u00een echipe, iar realizarea practic\u0103 trebuie prezentat\u0103 \u0219i sus\u021binut\u0103 \u00een fa\u021ba unei comisii de concurs. Cele mai bune realiz\u0103ri vor fi premiate. Concursul este adresat studen\u021bilor&hellip; <br \/> <a class=\"read-more\" href=\"https:\/\/zem.utcluj.ro\/2019\/sectiuni-concurs\/realizari-in-domeniul-mecatronicii\/\">Read more<\/a><\/p>\n","protected":false},"author":1,"featured_media":0,"parent":22,"menu_order":5,"comment_status":"closed","ping_status":"closed","template":"page-templates\/page-with-left-sidebar.php","meta":{"footnotes":""},"class_list":["post-41","page","type-page","status-publish","hentry"],"yoast_head":"<!-- This site is optimized with the Yoast SEO plugin v23.9 - https:\/\/yoast.com\/wordpress\/plugins\/seo\/ -->\n<title>Realiz\u0103ri \u00een domeniul Mecatronicii - ZEM 2019 - Zilele Educatiei Mecatronice 2019<\/title>\n<meta name=\"robots\" content=\"index, follow, max-snippet:-1, max-image-preview:large, max-video-preview:-1\" \/>\n<link rel=\"canonical\" href=\"https:\/\/zem.utcluj.ro\/2019\/sectiuni-concurs\/realizari-in-domeniul-mecatronicii\/\" \/>\n<meta property=\"og:locale\" content=\"en_US\" \/>\n<meta property=\"og:type\" content=\"article\" \/>\n<meta property=\"og:title\" content=\"Realiz\u0103ri \u00een domeniul Mecatronicii - ZEM 2019 - Zilele Educatiei Mecatronice 2019\" \/>\n<meta property=\"og:description\" content=\"Concurs Na\u021bional de Realiz\u0103ri \u00een Domeniul Mecatronicii Concursul urm\u0103re\u0219te stimularea abilit\u0103\u021bilor studen\u021bilor privind realizarea practic\u0103 de produse sau sisteme mecatronice (proiectare, realizare, programare, control). Participan\u021bii pot lucra independent sau \u00een echipe, iar realizarea practic\u0103 trebuie prezentat\u0103 \u0219i sus\u021binut\u0103 \u00een fa\u021ba unei comisii de concurs. Cele mai bune realiz\u0103ri vor fi premiate. Concursul este adresat studen\u021bilor&hellip; Read more\" \/>\n<meta property=\"og:url\" content=\"https:\/\/zem.utcluj.ro\/2019\/sectiuni-concurs\/realizari-in-domeniul-mecatronicii\/\" \/>\n<meta property=\"og:site_name\" content=\"ZEM 2019 - Zilele Educatiei Mecatronice 2019\" \/>\n<meta property=\"article:modified_time\" content=\"2019-04-14T17:27:03+00:00\" \/>\n<meta property=\"og:image\" content=\"https:\/\/zem.utcluj.ro\/2019\/wp-content\/uploads\/2019\/04\/real_1-1024x768.jpg\" \/>\n\t<meta property=\"og:image:width\" content=\"1024\" \/>\n\t<meta property=\"og:image:height\" content=\"768\" \/>\n\t<meta property=\"og:image:type\" content=\"image\/jpeg\" \/>\n<meta name=\"twitter:card\" content=\"summary_large_image\" \/>\n<meta name=\"twitter:label1\" content=\"Est. reading time\" \/>\n\t<meta name=\"twitter:data1\" content=\"1 minute\" \/>\n<script type=\"application\/ld+json\" class=\"yoast-schema-graph\">{\"@context\":\"https:\/\/schema.org\",\"@graph\":[{\"@type\":\"WebPage\",\"@id\":\"https:\/\/zem.utcluj.ro\/2019\/sectiuni-concurs\/realizari-in-domeniul-mecatronicii\/\",\"url\":\"https:\/\/zem.utcluj.ro\/2019\/sectiuni-concurs\/realizari-in-domeniul-mecatronicii\/\",\"name\":\"Realiz\u0103ri \u00een domeniul Mecatronicii - ZEM 2019 - Zilele Educatiei Mecatronice 2019\",\"isPartOf\":{\"@id\":\"https:\/\/zem.utcluj.ro\/2019\/#website\"},\"primaryImageOfPage\":{\"@id\":\"https:\/\/zem.utcluj.ro\/2019\/sectiuni-concurs\/realizari-in-domeniul-mecatronicii\/#primaryimage\"},\"image\":{\"@id\":\"https:\/\/zem.utcluj.ro\/2019\/sectiuni-concurs\/realizari-in-domeniul-mecatronicii\/#primaryimage\"},\"thumbnailUrl\":\"https:\/\/zem.utcluj.ro\/2019\/wp-content\/uploads\/2019\/04\/real_1-1024x768.jpg\",\"datePublished\":\"2019-04-08T12:29:32+00:00\",\"dateModified\":\"2019-04-14T17:27:03+00:00\",\"breadcrumb\":{\"@id\":\"https:\/\/zem.utcluj.ro\/2019\/sectiuni-concurs\/realizari-in-domeniul-mecatronicii\/#breadcrumb\"},\"inLanguage\":\"en-US\",\"potentialAction\":[{\"@type\":\"ReadAction\",\"target\":[\"https:\/\/zem.utcluj.ro\/2019\/sectiuni-concurs\/realizari-in-domeniul-mecatronicii\/\"]}]},{\"@type\":\"ImageObject\",\"inLanguage\":\"en-US\",\"@id\":\"https:\/\/zem.utcluj.ro\/2019\/sectiuni-concurs\/realizari-in-domeniul-mecatronicii\/#primaryimage\",\"url\":\"https:\/\/zem.utcluj.ro\/2019\/wp-content\/uploads\/2019\/04\/real_1-1024x768.jpg\",\"contentUrl\":\"https:\/\/zem.utcluj.ro\/2019\/wp-content\/uploads\/2019\/04\/real_1-1024x768.jpg\"},{\"@type\":\"BreadcrumbList\",\"@id\":\"https:\/\/zem.utcluj.ro\/2019\/sectiuni-concurs\/realizari-in-domeniul-mecatronicii\/#breadcrumb\",\"itemListElement\":[{\"@type\":\"ListItem\",\"position\":1,\"name\":\"Home\",\"item\":\"https:\/\/zem.utcluj.ro\/2019\/\"},{\"@type\":\"ListItem\",\"position\":2,\"name\":\"Sec\u021biuni Concurs\",\"item\":\"https:\/\/zem.utcluj.ro\/2019\/sectiuni-concurs\/\"},{\"@type\":\"ListItem\",\"position\":3,\"name\":\"Realiz\u0103ri \u00een domeniul Mecatronicii\"}]},{\"@type\":\"WebSite\",\"@id\":\"https:\/\/zem.utcluj.ro\/2019\/#website\",\"url\":\"https:\/\/zem.utcluj.ro\/2019\/\",\"name\":\"ZEM 2019 - Zilele Educatiei Mecatronice 2019\",\"description\":\"Concursul National de Mecatronica - Editia a X-a\",\"publisher\":{\"@id\":\"https:\/\/zem.utcluj.ro\/2019\/#organization\"},\"potentialAction\":[{\"@type\":\"SearchAction\",\"target\":{\"@type\":\"EntryPoint\",\"urlTemplate\":\"https:\/\/zem.utcluj.ro\/2019\/?s={search_term_string}\"},\"query-input\":{\"@type\":\"PropertyValueSpecification\",\"valueRequired\":true,\"valueName\":\"search_term_string\"}}],\"inLanguage\":\"en-US\"},{\"@type\":\"Organization\",\"@id\":\"https:\/\/zem.utcluj.ro\/2019\/#organization\",\"name\":\"Technical University of Cluj-Napoca\",\"url\":\"https:\/\/zem.utcluj.ro\/2019\/\",\"logo\":{\"@type\":\"ImageObject\",\"inLanguage\":\"en-US\",\"@id\":\"https:\/\/zem.utcluj.ro\/2019\/#\/schema\/logo\/image\/\",\"url\":\"https:\/\/zem.utcluj.ro\/2019\/wp-content\/uploads\/2019\/04\/logo-zem.png\",\"contentUrl\":\"https:\/\/zem.utcluj.ro\/2019\/wp-content\/uploads\/2019\/04\/logo-zem.png\",\"width\":440,\"height\":185,\"caption\":\"Technical University of Cluj-Napoca\"},\"image\":{\"@id\":\"https:\/\/zem.utcluj.ro\/2019\/#\/schema\/logo\/image\/\"}}]}<\/script>\n<!-- \/ Yoast SEO plugin. -->","yoast_head_json":{"title":"Realiz\u0103ri \u00een domeniul Mecatronicii - ZEM 2019 - Zilele Educatiei Mecatronice 2019","robots":{"index":"index","follow":"follow","max-snippet":"max-snippet:-1","max-image-preview":"max-image-preview:large","max-video-preview":"max-video-preview:-1"},"canonical":"https:\/\/zem.utcluj.ro\/2019\/sectiuni-concurs\/realizari-in-domeniul-mecatronicii\/","og_locale":"en_US","og_type":"article","og_title":"Realiz\u0103ri \u00een domeniul Mecatronicii - ZEM 2019 - Zilele Educatiei Mecatronice 2019","og_description":"Concurs Na\u021bional de Realiz\u0103ri \u00een Domeniul Mecatronicii Concursul urm\u0103re\u0219te stimularea abilit\u0103\u021bilor studen\u021bilor privind realizarea practic\u0103 de produse sau sisteme mecatronice (proiectare, realizare, programare, control). Participan\u021bii pot lucra independent sau \u00een echipe, iar realizarea practic\u0103 trebuie prezentat\u0103 \u0219i sus\u021binut\u0103 \u00een fa\u021ba unei comisii de concurs. Cele mai bune realiz\u0103ri vor fi premiate. Concursul este adresat studen\u021bilor&hellip; Read more","og_url":"https:\/\/zem.utcluj.ro\/2019\/sectiuni-concurs\/realizari-in-domeniul-mecatronicii\/","og_site_name":"ZEM 2019 - Zilele Educatiei Mecatronice 2019","article_modified_time":"2019-04-14T17:27:03+00:00","og_image":[{"width":1024,"height":768,"url":"https:\/\/zem.utcluj.ro\/2019\/wp-content\/uploads\/2019\/04\/real_1-1024x768.jpg","type":"image\/jpeg"}],"twitter_card":"summary_large_image","twitter_misc":{"Est. reading time":"1 minute"},"schema":{"@context":"https:\/\/schema.org","@graph":[{"@type":"WebPage","@id":"https:\/\/zem.utcluj.ro\/2019\/sectiuni-concurs\/realizari-in-domeniul-mecatronicii\/","url":"https:\/\/zem.utcluj.ro\/2019\/sectiuni-concurs\/realizari-in-domeniul-mecatronicii\/","name":"Realiz\u0103ri \u00een domeniul Mecatronicii - ZEM 2019 - Zilele Educatiei Mecatronice 2019","isPartOf":{"@id":"https:\/\/zem.utcluj.ro\/2019\/#website"},"primaryImageOfPage":{"@id":"https:\/\/zem.utcluj.ro\/2019\/sectiuni-concurs\/realizari-in-domeniul-mecatronicii\/#primaryimage"},"image":{"@id":"https:\/\/zem.utcluj.ro\/2019\/sectiuni-concurs\/realizari-in-domeniul-mecatronicii\/#primaryimage"},"thumbnailUrl":"https:\/\/zem.utcluj.ro\/2019\/wp-content\/uploads\/2019\/04\/real_1-1024x768.jpg","datePublished":"2019-04-08T12:29:32+00:00","dateModified":"2019-04-14T17:27:03+00:00","breadcrumb":{"@id":"https:\/\/zem.utcluj.ro\/2019\/sectiuni-concurs\/realizari-in-domeniul-mecatronicii\/#breadcrumb"},"inLanguage":"en-US","potentialAction":[{"@type":"ReadAction","target":["https:\/\/zem.utcluj.ro\/2019\/sectiuni-concurs\/realizari-in-domeniul-mecatronicii\/"]}]},{"@type":"ImageObject","inLanguage":"en-US","@id":"https:\/\/zem.utcluj.ro\/2019\/sectiuni-concurs\/realizari-in-domeniul-mecatronicii\/#primaryimage","url":"https:\/\/zem.utcluj.ro\/2019\/wp-content\/uploads\/2019\/04\/real_1-1024x768.jpg","contentUrl":"https:\/\/zem.utcluj.ro\/2019\/wp-content\/uploads\/2019\/04\/real_1-1024x768.jpg"},{"@type":"BreadcrumbList","@id":"https:\/\/zem.utcluj.ro\/2019\/sectiuni-concurs\/realizari-in-domeniul-mecatronicii\/#breadcrumb","itemListElement":[{"@type":"ListItem","position":1,"name":"Home","item":"https:\/\/zem.utcluj.ro\/2019\/"},{"@type":"ListItem","position":2,"name":"Sec\u021biuni Concurs","item":"https:\/\/zem.utcluj.ro\/2019\/sectiuni-concurs\/"},{"@type":"ListItem","position":3,"name":"Realiz\u0103ri \u00een domeniul Mecatronicii"}]},{"@type":"WebSite","@id":"https:\/\/zem.utcluj.ro\/2019\/#website","url":"https:\/\/zem.utcluj.ro\/2019\/","name":"ZEM 2019 - Zilele Educatiei Mecatronice 2019","description":"Concursul National de Mecatronica - Editia a X-a","publisher":{"@id":"https:\/\/zem.utcluj.ro\/2019\/#organization"},"potentialAction":[{"@type":"SearchAction","target":{"@type":"EntryPoint","urlTemplate":"https:\/\/zem.utcluj.ro\/2019\/?s={search_term_string}"},"query-input":{"@type":"PropertyValueSpecification","valueRequired":true,"valueName":"search_term_string"}}],"inLanguage":"en-US"},{"@type":"Organization","@id":"https:\/\/zem.utcluj.ro\/2019\/#organization","name":"Technical University of Cluj-Napoca","url":"https:\/\/zem.utcluj.ro\/2019\/","logo":{"@type":"ImageObject","inLanguage":"en-US","@id":"https:\/\/zem.utcluj.ro\/2019\/#\/schema\/logo\/image\/","url":"https:\/\/zem.utcluj.ro\/2019\/wp-content\/uploads\/2019\/04\/logo-zem.png","contentUrl":"https:\/\/zem.utcluj.ro\/2019\/wp-content\/uploads\/2019\/04\/logo-zem.png","width":440,"height":185,"caption":"Technical University of Cluj-Napoca"},"image":{"@id":"https:\/\/zem.utcluj.ro\/2019\/#\/schema\/logo\/image\/"}}]}},"_links":{"self":[{"href":"https:\/\/zem.utcluj.ro\/2019\/wp-json\/wp\/v2\/pages\/41","targetHints":{"allow":["GET"]}}],"collection":[{"href":"https:\/\/zem.utcluj.ro\/2019\/wp-json\/wp\/v2\/pages"}],"about":[{"href":"https:\/\/zem.utcluj.ro\/2019\/wp-json\/wp\/v2\/types\/page"}],"author":[{"embeddable":true,"href":"https:\/\/zem.utcluj.ro\/2019\/wp-json\/wp\/v2\/users\/1"}],"replies":[{"embeddable":true,"href":"https:\/\/zem.utcluj.ro\/2019\/wp-json\/wp\/v2\/comments?post=41"}],"version-history":[{"count":5,"href":"https:\/\/zem.utcluj.ro\/2019\/wp-json\/wp\/v2\/pages\/41\/revisions"}],"predecessor-version":[{"id":447,"href":"https:\/\/zem.utcluj.ro\/2019\/wp-json\/wp\/v2\/pages\/41\/revisions\/447"}],"up":[{"embeddable":true,"href":"https:\/\/zem.utcluj.ro\/2019\/wp-json\/wp\/v2\/pages\/22"}],"wp:attachment":[{"href":"https:\/\/zem.utcluj.ro\/2019\/wp-json\/wp\/v2\/media?parent=41"}],"curies":[{"name":"wp","href":"https:\/\/api.w.org\/{rel}","templated":true}]}}