{"id":39,"date":"2019-04-08T14:28:32","date_gmt":"2019-04-08T12:28:32","guid":{"rendered":"https:\/\/zem.utcluj.ro\/2019\/?page_id=39"},"modified":"2019-04-14T19:26:52","modified_gmt":"2019-04-14T17:26:52","slug":"comunicari-stiintifice-studentesti","status":"publish","type":"page","link":"https:\/\/zem.utcluj.ro\/2019\/sectiuni-concurs\/comunicari-stiintifice-studentesti\/","title":{"rendered":"Comunic\u0103ri \u0219tiin\u021bifice studen\u021be\u0219ti"},"content":{"rendered":"\n<h3 class=\"wp-block-heading\">Sesiunea Na\u021bional\u0103 de Comunic\u0103ri \u0218tiin\u021bifice Studen\u021be\u0219ti<\/h3>\n\n\n\n<p style=\"text-align:left\">Concursul urm\u0103re\u0219te stimularea studen\u021bilor cu preg\u0103tire de excelen\u021b\u0103 \u00een domeniul sistemelor mecatronice \u00een elaborarea de studii \u0219i lucr\u0103ri \u0219tiin\u021bifice \u00een domeniu. Participan\u021bii pot lucra independent sau \u00een echipe, iar lucr\u0103rile trebuie elaborate \u00een conformitate cu exigen\u021bele specifice impuse unei lucr\u0103ri\/comunic\u0103ri \u0219tiin\u021bifice. \u0218ablonul (template-ul) utilizat pentru realizarea lucr\u0103rilor poate fi desc\u0103rcat de la urm\u0103toarea adresa:&nbsp; <em><strong><a href=\"https:\/\/atna-mam.utcluj.ro\/uploads\/Instructions_ATNA_MAM_Editor_Arghir_2014.docx\">ACTA TECHNICA NAPOCENSIS &#8211; template<\/a><\/strong><\/em><\/p>\n\n\n\n<p style=\"text-align:left\">Concursul este adresat studen\u021bilor de la specializ\u0103rile de Mecatronic\u0103, nivel licen\u021b\u0103 \u0219i master. Fiecare universitate poate participa cu maxim trei lucr\u0103ri. Selec\u021bia lucr\u0103rilor ce vor fi prezentate revine departamentelor de specialitate care conduc aceste specializ\u0103ri. <br>&nbsp;<\/p>\n\n\n\n<ul class=\"wp-block-gallery aligncenter columns-2 is-cropped wp-block-gallery-1 is-layout-flex wp-block-gallery-is-layout-flex\"><li class=\"blocks-gallery-item\"><figure><a href=\"https:\/\/zem.utcluj.ro\/2019\/wp-content\/uploads\/2019\/04\/com_1-1024x687.jpg\"><img loading=\"lazy\" decoding=\"async\" width=\"1024\" height=\"687\" src=\"https:\/\/zem.utcluj.ro\/2019\/wp-content\/uploads\/2019\/04\/com_1-1024x687.jpg\" alt=\"\" data-id=\"415\" data-link=\"https:\/\/zem.utcluj.ro\/2019\/sectiuni-concurs\/comunicari-stiintifice-studentesti\/com_1\/\" class=\"wp-image-415\" srcset=\"https:\/\/zem.utcluj.ro\/2019\/wp-content\/uploads\/2019\/04\/com_1-1024x687.jpg 1024w, https:\/\/zem.utcluj.ro\/2019\/wp-content\/uploads\/2019\/04\/com_1-300x201.jpg 300w, https:\/\/zem.utcluj.ro\/2019\/wp-content\/uploads\/2019\/04\/com_1-768x515.jpg 768w, https:\/\/zem.utcluj.ro\/2019\/wp-content\/uploads\/2019\/04\/com_1-1610x1080.jpg 1610w, https:\/\/zem.utcluj.ro\/2019\/wp-content\/uploads\/2019\/04\/com_1.jpg 2000w\" sizes=\"auto, (max-width: 1024px) 100vw, 1024px\" \/><\/a><\/figure><\/li><li class=\"blocks-gallery-item\"><figure><a href=\"https:\/\/zem.utcluj.ro\/2019\/wp-content\/uploads\/2019\/04\/com_2-1024x768.jpg\"><img loading=\"lazy\" decoding=\"async\" width=\"1024\" height=\"768\" src=\"https:\/\/zem.utcluj.ro\/2019\/wp-content\/uploads\/2019\/04\/com_2-1024x768.jpg\" alt=\"\" data-id=\"416\" data-link=\"https:\/\/zem.utcluj.ro\/2019\/sectiuni-concurs\/comunicari-stiintifice-studentesti\/com_2\/\" class=\"wp-image-416\" srcset=\"https:\/\/zem.utcluj.ro\/2019\/wp-content\/uploads\/2019\/04\/com_2-1024x768.jpg 1024w, https:\/\/zem.utcluj.ro\/2019\/wp-content\/uploads\/2019\/04\/com_2-300x225.jpg 300w, https:\/\/zem.utcluj.ro\/2019\/wp-content\/uploads\/2019\/04\/com_2-768x576.jpg 768w, https:\/\/zem.utcluj.ro\/2019\/wp-content\/uploads\/2019\/04\/com_2-1440x1080.jpg 1440w\" sizes=\"auto, (max-width: 1024px) 100vw, 1024px\" \/><\/a><\/figure><\/li><\/ul>\n","protected":false},"excerpt":{"rendered":"<p>Sesiunea Na\u021bional\u0103 de Comunic\u0103ri \u0218tiin\u021bifice Studen\u021be\u0219ti Concursul urm\u0103re\u0219te stimularea studen\u021bilor cu preg\u0103tire de excelen\u021b\u0103 \u00een domeniul sistemelor mecatronice \u00een elaborarea de studii \u0219i lucr\u0103ri \u0219tiin\u021bifice \u00een domeniu. Participan\u021bii pot lucra independent sau \u00een echipe, iar lucr\u0103rile trebuie elaborate \u00een conformitate cu exigen\u021bele specifice impuse unei lucr\u0103ri\/comunic\u0103ri \u0219tiin\u021bifice. \u0218ablonul (template-ul) utilizat pentru realizarea lucr\u0103rilor poate fi&hellip; <br \/> <a class=\"read-more\" href=\"https:\/\/zem.utcluj.ro\/2019\/sectiuni-concurs\/comunicari-stiintifice-studentesti\/\">Read more<\/a><\/p>\n","protected":false},"author":1,"featured_media":0,"parent":22,"menu_order":4,"comment_status":"closed","ping_status":"closed","template":"page-templates\/page-with-left-sidebar.php","meta":{"footnotes":""},"class_list":["post-39","page","type-page","status-publish","hentry"],"yoast_head":"<!-- This site is optimized with the Yoast SEO plugin v23.9 - https:\/\/yoast.com\/wordpress\/plugins\/seo\/ -->\n<title>Comunic\u0103ri \u0219tiin\u021bifice studen\u021be\u0219ti - ZEM 2019 - Zilele Educatiei Mecatronice 2019<\/title>\n<meta name=\"robots\" content=\"index, follow, max-snippet:-1, max-image-preview:large, max-video-preview:-1\" \/>\n<link rel=\"canonical\" href=\"https:\/\/zem.utcluj.ro\/2019\/sectiuni-concurs\/comunicari-stiintifice-studentesti\/\" \/>\n<meta property=\"og:locale\" content=\"en_US\" \/>\n<meta property=\"og:type\" content=\"article\" \/>\n<meta property=\"og:title\" content=\"Comunic\u0103ri \u0219tiin\u021bifice studen\u021be\u0219ti - ZEM 2019 - Zilele Educatiei Mecatronice 2019\" \/>\n<meta property=\"og:description\" content=\"Sesiunea Na\u021bional\u0103 de Comunic\u0103ri \u0218tiin\u021bifice Studen\u021be\u0219ti Concursul urm\u0103re\u0219te stimularea studen\u021bilor cu preg\u0103tire de excelen\u021b\u0103 \u00een domeniul sistemelor mecatronice \u00een elaborarea de studii \u0219i lucr\u0103ri \u0219tiin\u021bifice \u00een domeniu. Participan\u021bii pot lucra independent sau \u00een echipe, iar lucr\u0103rile trebuie elaborate \u00een conformitate cu exigen\u021bele specifice impuse unei lucr\u0103ri\/comunic\u0103ri \u0219tiin\u021bifice. \u0218ablonul (template-ul) utilizat pentru realizarea lucr\u0103rilor poate fi&hellip; Read more\" \/>\n<meta property=\"og:url\" content=\"https:\/\/zem.utcluj.ro\/2019\/sectiuni-concurs\/comunicari-stiintifice-studentesti\/\" \/>\n<meta property=\"og:site_name\" content=\"ZEM 2019 - Zilele Educatiei Mecatronice 2019\" \/>\n<meta property=\"article:modified_time\" content=\"2019-04-14T17:26:52+00:00\" \/>\n<meta property=\"og:image\" content=\"https:\/\/zem.utcluj.ro\/2019\/wp-content\/uploads\/2019\/04\/com_1.jpg\" \/>\n\t<meta property=\"og:image:width\" content=\"2000\" \/>\n\t<meta property=\"og:image:height\" content=\"1342\" \/>\n\t<meta property=\"og:image:type\" content=\"image\/jpeg\" \/>\n<meta name=\"twitter:card\" content=\"summary_large_image\" \/>\n<meta name=\"twitter:label1\" content=\"Est. reading time\" \/>\n\t<meta name=\"twitter:data1\" content=\"1 minute\" \/>\n<script type=\"application\/ld+json\" class=\"yoast-schema-graph\">{\"@context\":\"https:\/\/schema.org\",\"@graph\":[{\"@type\":\"WebPage\",\"@id\":\"https:\/\/zem.utcluj.ro\/2019\/sectiuni-concurs\/comunicari-stiintifice-studentesti\/\",\"url\":\"https:\/\/zem.utcluj.ro\/2019\/sectiuni-concurs\/comunicari-stiintifice-studentesti\/\",\"name\":\"Comunic\u0103ri \u0219tiin\u021bifice studen\u021be\u0219ti - ZEM 2019 - Zilele Educatiei Mecatronice 2019\",\"isPartOf\":{\"@id\":\"https:\/\/zem.utcluj.ro\/2019\/#website\"},\"primaryImageOfPage\":{\"@id\":\"https:\/\/zem.utcluj.ro\/2019\/sectiuni-concurs\/comunicari-stiintifice-studentesti\/#primaryimage\"},\"image\":{\"@id\":\"https:\/\/zem.utcluj.ro\/2019\/sectiuni-concurs\/comunicari-stiintifice-studentesti\/#primaryimage\"},\"thumbnailUrl\":\"https:\/\/zem.utcluj.ro\/2019\/wp-content\/uploads\/2019\/04\/com_1-1024x687.jpg\",\"datePublished\":\"2019-04-08T12:28:32+00:00\",\"dateModified\":\"2019-04-14T17:26:52+00:00\",\"breadcrumb\":{\"@id\":\"https:\/\/zem.utcluj.ro\/2019\/sectiuni-concurs\/comunicari-stiintifice-studentesti\/#breadcrumb\"},\"inLanguage\":\"en-US\",\"potentialAction\":[{\"@type\":\"ReadAction\",\"target\":[\"https:\/\/zem.utcluj.ro\/2019\/sectiuni-concurs\/comunicari-stiintifice-studentesti\/\"]}]},{\"@type\":\"ImageObject\",\"inLanguage\":\"en-US\",\"@id\":\"https:\/\/zem.utcluj.ro\/2019\/sectiuni-concurs\/comunicari-stiintifice-studentesti\/#primaryimage\",\"url\":\"https:\/\/zem.utcluj.ro\/2019\/wp-content\/uploads\/2019\/04\/com_1-1024x687.jpg\",\"contentUrl\":\"https:\/\/zem.utcluj.ro\/2019\/wp-content\/uploads\/2019\/04\/com_1-1024x687.jpg\"},{\"@type\":\"BreadcrumbList\",\"@id\":\"https:\/\/zem.utcluj.ro\/2019\/sectiuni-concurs\/comunicari-stiintifice-studentesti\/#breadcrumb\",\"itemListElement\":[{\"@type\":\"ListItem\",\"position\":1,\"name\":\"Home\",\"item\":\"https:\/\/zem.utcluj.ro\/2019\/\"},{\"@type\":\"ListItem\",\"position\":2,\"name\":\"Sec\u021biuni Concurs\",\"item\":\"https:\/\/zem.utcluj.ro\/2019\/sectiuni-concurs\/\"},{\"@type\":\"ListItem\",\"position\":3,\"name\":\"Comunic\u0103ri \u0219tiin\u021bifice studen\u021be\u0219ti\"}]},{\"@type\":\"WebSite\",\"@id\":\"https:\/\/zem.utcluj.ro\/2019\/#website\",\"url\":\"https:\/\/zem.utcluj.ro\/2019\/\",\"name\":\"ZEM 2019 - Zilele Educatiei Mecatronice 2019\",\"description\":\"Concursul National de Mecatronica - Editia a X-a\",\"publisher\":{\"@id\":\"https:\/\/zem.utcluj.ro\/2019\/#organization\"},\"potentialAction\":[{\"@type\":\"SearchAction\",\"target\":{\"@type\":\"EntryPoint\",\"urlTemplate\":\"https:\/\/zem.utcluj.ro\/2019\/?s={search_term_string}\"},\"query-input\":{\"@type\":\"PropertyValueSpecification\",\"valueRequired\":true,\"valueName\":\"search_term_string\"}}],\"inLanguage\":\"en-US\"},{\"@type\":\"Organization\",\"@id\":\"https:\/\/zem.utcluj.ro\/2019\/#organization\",\"name\":\"Technical University of Cluj-Napoca\",\"url\":\"https:\/\/zem.utcluj.ro\/2019\/\",\"logo\":{\"@type\":\"ImageObject\",\"inLanguage\":\"en-US\",\"@id\":\"https:\/\/zem.utcluj.ro\/2019\/#\/schema\/logo\/image\/\",\"url\":\"https:\/\/zem.utcluj.ro\/2019\/wp-content\/uploads\/2019\/04\/logo-zem.png\",\"contentUrl\":\"https:\/\/zem.utcluj.ro\/2019\/wp-content\/uploads\/2019\/04\/logo-zem.png\",\"width\":440,\"height\":185,\"caption\":\"Technical University of Cluj-Napoca\"},\"image\":{\"@id\":\"https:\/\/zem.utcluj.ro\/2019\/#\/schema\/logo\/image\/\"}}]}<\/script>\n<!-- \/ Yoast SEO plugin. -->","yoast_head_json":{"title":"Comunic\u0103ri \u0219tiin\u021bifice studen\u021be\u0219ti - ZEM 2019 - Zilele Educatiei Mecatronice 2019","robots":{"index":"index","follow":"follow","max-snippet":"max-snippet:-1","max-image-preview":"max-image-preview:large","max-video-preview":"max-video-preview:-1"},"canonical":"https:\/\/zem.utcluj.ro\/2019\/sectiuni-concurs\/comunicari-stiintifice-studentesti\/","og_locale":"en_US","og_type":"article","og_title":"Comunic\u0103ri \u0219tiin\u021bifice studen\u021be\u0219ti - ZEM 2019 - Zilele Educatiei Mecatronice 2019","og_description":"Sesiunea Na\u021bional\u0103 de Comunic\u0103ri \u0218tiin\u021bifice Studen\u021be\u0219ti Concursul urm\u0103re\u0219te stimularea studen\u021bilor cu preg\u0103tire de excelen\u021b\u0103 \u00een domeniul sistemelor mecatronice \u00een elaborarea de studii \u0219i lucr\u0103ri \u0219tiin\u021bifice \u00een domeniu. Participan\u021bii pot lucra independent sau \u00een echipe, iar lucr\u0103rile trebuie elaborate \u00een conformitate cu exigen\u021bele specifice impuse unei lucr\u0103ri\/comunic\u0103ri \u0219tiin\u021bifice. \u0218ablonul (template-ul) utilizat pentru realizarea lucr\u0103rilor poate fi&hellip; Read more","og_url":"https:\/\/zem.utcluj.ro\/2019\/sectiuni-concurs\/comunicari-stiintifice-studentesti\/","og_site_name":"ZEM 2019 - Zilele Educatiei Mecatronice 2019","article_modified_time":"2019-04-14T17:26:52+00:00","og_image":[{"width":2000,"height":1342,"url":"https:\/\/zem.utcluj.ro\/2019\/wp-content\/uploads\/2019\/04\/com_1.jpg","type":"image\/jpeg"}],"twitter_card":"summary_large_image","twitter_misc":{"Est. reading time":"1 minute"},"schema":{"@context":"https:\/\/schema.org","@graph":[{"@type":"WebPage","@id":"https:\/\/zem.utcluj.ro\/2019\/sectiuni-concurs\/comunicari-stiintifice-studentesti\/","url":"https:\/\/zem.utcluj.ro\/2019\/sectiuni-concurs\/comunicari-stiintifice-studentesti\/","name":"Comunic\u0103ri \u0219tiin\u021bifice studen\u021be\u0219ti - ZEM 2019 - Zilele Educatiei Mecatronice 2019","isPartOf":{"@id":"https:\/\/zem.utcluj.ro\/2019\/#website"},"primaryImageOfPage":{"@id":"https:\/\/zem.utcluj.ro\/2019\/sectiuni-concurs\/comunicari-stiintifice-studentesti\/#primaryimage"},"image":{"@id":"https:\/\/zem.utcluj.ro\/2019\/sectiuni-concurs\/comunicari-stiintifice-studentesti\/#primaryimage"},"thumbnailUrl":"https:\/\/zem.utcluj.ro\/2019\/wp-content\/uploads\/2019\/04\/com_1-1024x687.jpg","datePublished":"2019-04-08T12:28:32+00:00","dateModified":"2019-04-14T17:26:52+00:00","breadcrumb":{"@id":"https:\/\/zem.utcluj.ro\/2019\/sectiuni-concurs\/comunicari-stiintifice-studentesti\/#breadcrumb"},"inLanguage":"en-US","potentialAction":[{"@type":"ReadAction","target":["https:\/\/zem.utcluj.ro\/2019\/sectiuni-concurs\/comunicari-stiintifice-studentesti\/"]}]},{"@type":"ImageObject","inLanguage":"en-US","@id":"https:\/\/zem.utcluj.ro\/2019\/sectiuni-concurs\/comunicari-stiintifice-studentesti\/#primaryimage","url":"https:\/\/zem.utcluj.ro\/2019\/wp-content\/uploads\/2019\/04\/com_1-1024x687.jpg","contentUrl":"https:\/\/zem.utcluj.ro\/2019\/wp-content\/uploads\/2019\/04\/com_1-1024x687.jpg"},{"@type":"BreadcrumbList","@id":"https:\/\/zem.utcluj.ro\/2019\/sectiuni-concurs\/comunicari-stiintifice-studentesti\/#breadcrumb","itemListElement":[{"@type":"ListItem","position":1,"name":"Home","item":"https:\/\/zem.utcluj.ro\/2019\/"},{"@type":"ListItem","position":2,"name":"Sec\u021biuni Concurs","item":"https:\/\/zem.utcluj.ro\/2019\/sectiuni-concurs\/"},{"@type":"ListItem","position":3,"name":"Comunic\u0103ri \u0219tiin\u021bifice studen\u021be\u0219ti"}]},{"@type":"WebSite","@id":"https:\/\/zem.utcluj.ro\/2019\/#website","url":"https:\/\/zem.utcluj.ro\/2019\/","name":"ZEM 2019 - Zilele Educatiei Mecatronice 2019","description":"Concursul National de Mecatronica - Editia a X-a","publisher":{"@id":"https:\/\/zem.utcluj.ro\/2019\/#organization"},"potentialAction":[{"@type":"SearchAction","target":{"@type":"EntryPoint","urlTemplate":"https:\/\/zem.utcluj.ro\/2019\/?s={search_term_string}"},"query-input":{"@type":"PropertyValueSpecification","valueRequired":true,"valueName":"search_term_string"}}],"inLanguage":"en-US"},{"@type":"Organization","@id":"https:\/\/zem.utcluj.ro\/2019\/#organization","name":"Technical University of Cluj-Napoca","url":"https:\/\/zem.utcluj.ro\/2019\/","logo":{"@type":"ImageObject","inLanguage":"en-US","@id":"https:\/\/zem.utcluj.ro\/2019\/#\/schema\/logo\/image\/","url":"https:\/\/zem.utcluj.ro\/2019\/wp-content\/uploads\/2019\/04\/logo-zem.png","contentUrl":"https:\/\/zem.utcluj.ro\/2019\/wp-content\/uploads\/2019\/04\/logo-zem.png","width":440,"height":185,"caption":"Technical University of Cluj-Napoca"},"image":{"@id":"https:\/\/zem.utcluj.ro\/2019\/#\/schema\/logo\/image\/"}}]}},"_links":{"self":[{"href":"https:\/\/zem.utcluj.ro\/2019\/wp-json\/wp\/v2\/pages\/39","targetHints":{"allow":["GET"]}}],"collection":[{"href":"https:\/\/zem.utcluj.ro\/2019\/wp-json\/wp\/v2\/pages"}],"about":[{"href":"https:\/\/zem.utcluj.ro\/2019\/wp-json\/wp\/v2\/types\/page"}],"author":[{"embeddable":true,"href":"https:\/\/zem.utcluj.ro\/2019\/wp-json\/wp\/v2\/users\/1"}],"replies":[{"embeddable":true,"href":"https:\/\/zem.utcluj.ro\/2019\/wp-json\/wp\/v2\/comments?post=39"}],"version-history":[{"count":7,"href":"https:\/\/zem.utcluj.ro\/2019\/wp-json\/wp\/v2\/pages\/39\/revisions"}],"predecessor-version":[{"id":446,"href":"https:\/\/zem.utcluj.ro\/2019\/wp-json\/wp\/v2\/pages\/39\/revisions\/446"}],"up":[{"embeddable":true,"href":"https:\/\/zem.utcluj.ro\/2019\/wp-json\/wp\/v2\/pages\/22"}],"wp:attachment":[{"href":"https:\/\/zem.utcluj.ro\/2019\/wp-json\/wp\/v2\/media?parent=39"}],"curies":[{"name":"wp","href":"https:\/\/api.w.org\/{rel}","templated":true}]}}