{"id":37,"date":"2019-04-08T14:27:05","date_gmt":"2019-04-08T12:27:05","guid":{"rendered":"https:\/\/zem.utcluj.ro\/2019\/?page_id=37"},"modified":"2019-04-14T19:36:30","modified_gmt":"2019-04-14T17:36:30","slug":"sisteme-mecatronice-de-zbor-fara-pilot","status":"publish","type":"page","link":"https:\/\/zem.utcluj.ro\/2019\/sectiuni-concurs\/sisteme-mecatronice-de-zbor-fara-pilot\/","title":{"rendered":"Sisteme mecatronice de zbor f\u0103r\u0103 pilot"},"content":{"rendered":"\n<h3 class=\"wp-block-heading\">Concurs Na\u021bional de Sisteme Mecatronice de Zbor f\u0103r\u0103 pilot <\/h3>\n\n\n\n<p style=\"text-align:left\">Concursul urm\u0103re\u0219te stimularea \u0219i premierea studen\u021bilor cu preg\u0103tire de excelen\u021b\u0103 \u00een domeniul sistemelor mecatronice, \u00een proiectarea, realizarea \u0219i programarea de sisteme mecatronice avansate, cu control autonom sau teleoperare. Fiecare echip\u0103 participant\u0103 trebuie s\u0103 proiecteze \u0219i s\u0103 realizeze un sistem de tip UAV (Unmanned Aerial Vehicle &#8211; sistem de zbor f\u0103r\u0103 pilot) cu care particip\u0103 \u00een concurs. Probele concursului vizeaz\u0103 teleoperarea sistemului pe un traseu cu obstacole, respectiv parcurgerea autonom\u0103 a unui alt traseu cunoscut \u00een prealabil \u0219i executarea de task-uri programate.<\/p>\n\n\n\n<p style=\"text-align:left\">Concursul este adresat studen\u021bilor de la specializ\u0103rile de Mecatronic\u0103, nivel licen\u021b\u0103 \u0219i master. Fiecare universitate poate participa cu o singur\u0103 echip\u0103 \u00een concurs. Selec\u021bia echipelor reprezentante revine departamentelor de specialitate care conduc aceste specializ\u0103ri.<\/p>\n\n\n\n<ul class=\"wp-block-list\"><li style=\"text-align: left\"><strong><a href=\"\/wp-content\/uploads\/2019\/04\/Regulament-Drone-Sectiunea-INDOOR-ZEM2019.pdf\">Regulament Drone &#8211; Sec\u021biunea INDOOR &#8211; 2019<\/a><\/strong><br>&nbsp;<\/li><\/ul>\n\n\n\n<ul class=\"wp-block-gallery aligncenter columns-2 is-cropped wp-block-gallery-1 is-layout-flex wp-block-gallery-is-layout-flex\"><li class=\"blocks-gallery-item\"><figure><a href=\"https:\/\/zem.utcluj.ro\/2019\/wp-content\/uploads\/2019\/04\/dr_3-1024x768.jpg\"><img loading=\"lazy\" decoding=\"async\" width=\"1024\" height=\"768\" src=\"https:\/\/zem.utcluj.ro\/2019\/wp-content\/uploads\/2019\/04\/dr_3-1024x768.jpg\" alt=\"\" data-id=\"412\" data-link=\"https:\/\/zem.utcluj.ro\/2019\/sectiuni-concurs\/sisteme-mecatronice-de-zbor-fara-pilot\/dr_3\/\" class=\"wp-image-412\" srcset=\"https:\/\/zem.utcluj.ro\/2019\/wp-content\/uploads\/2019\/04\/dr_3-1024x768.jpg 1024w, https:\/\/zem.utcluj.ro\/2019\/wp-content\/uploads\/2019\/04\/dr_3-300x225.jpg 300w, https:\/\/zem.utcluj.ro\/2019\/wp-content\/uploads\/2019\/04\/dr_3-768x576.jpg 768w, https:\/\/zem.utcluj.ro\/2019\/wp-content\/uploads\/2019\/04\/dr_3-1440x1080.jpg 1440w\" sizes=\"auto, (max-width: 1024px) 100vw, 1024px\" \/><\/a><\/figure><\/li><li class=\"blocks-gallery-item\"><figure><a href=\"https:\/\/zem.utcluj.ro\/2019\/wp-content\/uploads\/2019\/04\/dr_6-1024x768.jpg\"><img loading=\"lazy\" decoding=\"async\" width=\"1024\" height=\"768\" src=\"https:\/\/zem.utcluj.ro\/2019\/wp-content\/uploads\/2019\/04\/dr_6-1024x768.jpg\" alt=\"\" data-id=\"413\" data-link=\"https:\/\/zem.utcluj.ro\/2019\/sectiuni-concurs\/sisteme-mecatronice-de-zbor-fara-pilot\/dr_6\/\" class=\"wp-image-413\" srcset=\"https:\/\/zem.utcluj.ro\/2019\/wp-content\/uploads\/2019\/04\/dr_6-1024x768.jpg 1024w, https:\/\/zem.utcluj.ro\/2019\/wp-content\/uploads\/2019\/04\/dr_6-300x225.jpg 300w, https:\/\/zem.utcluj.ro\/2019\/wp-content\/uploads\/2019\/04\/dr_6-768x576.jpg 768w, https:\/\/zem.utcluj.ro\/2019\/wp-content\/uploads\/2019\/04\/dr_6-1440x1080.jpg 1440w\" sizes=\"auto, (max-width: 1024px) 100vw, 1024px\" \/><\/a><\/figure><\/li><\/ul>\n","protected":false},"excerpt":{"rendered":"<p>Concurs Na\u021bional de Sisteme Mecatronice de Zbor f\u0103r\u0103 pilot Concursul urm\u0103re\u0219te stimularea \u0219i premierea studen\u021bilor cu preg\u0103tire de excelen\u021b\u0103 \u00een domeniul sistemelor mecatronice, \u00een proiectarea, realizarea \u0219i programarea de sisteme mecatronice avansate, cu control autonom sau teleoperare. Fiecare echip\u0103 participant\u0103 trebuie s\u0103 proiecteze \u0219i s\u0103 realizeze un sistem de tip UAV (Unmanned Aerial Vehicle &#8211;&hellip; <br \/> <a class=\"read-more\" href=\"https:\/\/zem.utcluj.ro\/2019\/sectiuni-concurs\/sisteme-mecatronice-de-zbor-fara-pilot\/\">Read more<\/a><\/p>\n","protected":false},"author":1,"featured_media":0,"parent":22,"menu_order":3,"comment_status":"closed","ping_status":"closed","template":"page-templates\/page-with-left-sidebar.php","meta":{"footnotes":""},"class_list":["post-37","page","type-page","status-publish","hentry"],"yoast_head":"<!-- This site is optimized with the Yoast SEO plugin v23.9 - https:\/\/yoast.com\/wordpress\/plugins\/seo\/ -->\n<title>Sisteme mecatronice de zbor f\u0103r\u0103 pilot - ZEM 2019 - Zilele Educatiei Mecatronice 2019<\/title>\n<meta name=\"robots\" content=\"index, follow, max-snippet:-1, max-image-preview:large, max-video-preview:-1\" \/>\n<link rel=\"canonical\" href=\"https:\/\/zem.utcluj.ro\/2019\/sectiuni-concurs\/sisteme-mecatronice-de-zbor-fara-pilot\/\" \/>\n<meta property=\"og:locale\" content=\"en_US\" \/>\n<meta property=\"og:type\" content=\"article\" \/>\n<meta property=\"og:title\" content=\"Sisteme mecatronice de zbor f\u0103r\u0103 pilot - ZEM 2019 - Zilele Educatiei Mecatronice 2019\" \/>\n<meta property=\"og:description\" content=\"Concurs Na\u021bional de Sisteme Mecatronice de Zbor f\u0103r\u0103 pilot Concursul urm\u0103re\u0219te stimularea \u0219i premierea studen\u021bilor cu preg\u0103tire de excelen\u021b\u0103 \u00een domeniul sistemelor mecatronice, \u00een proiectarea, realizarea \u0219i programarea de sisteme mecatronice avansate, cu control autonom sau teleoperare. Fiecare echip\u0103 participant\u0103 trebuie s\u0103 proiecteze \u0219i s\u0103 realizeze un sistem de tip UAV (Unmanned Aerial Vehicle &#8211;&hellip; Read more\" \/>\n<meta property=\"og:url\" content=\"https:\/\/zem.utcluj.ro\/2019\/sectiuni-concurs\/sisteme-mecatronice-de-zbor-fara-pilot\/\" \/>\n<meta property=\"og:site_name\" content=\"ZEM 2019 - Zilele Educatiei Mecatronice 2019\" \/>\n<meta property=\"article:modified_time\" content=\"2019-04-14T17:36:30+00:00\" \/>\n<meta property=\"og:image\" content=\"https:\/\/zem.utcluj.ro\/2019\/wp-content\/uploads\/2019\/04\/dr_3-1024x768.jpg\" \/>\n\t<meta property=\"og:image:width\" content=\"1024\" \/>\n\t<meta property=\"og:image:height\" content=\"768\" \/>\n\t<meta property=\"og:image:type\" content=\"image\/jpeg\" \/>\n<meta name=\"twitter:card\" content=\"summary_large_image\" \/>\n<meta name=\"twitter:label1\" content=\"Est. reading time\" \/>\n\t<meta name=\"twitter:data1\" content=\"1 minute\" \/>\n<script type=\"application\/ld+json\" class=\"yoast-schema-graph\">{\"@context\":\"https:\/\/schema.org\",\"@graph\":[{\"@type\":\"WebPage\",\"@id\":\"https:\/\/zem.utcluj.ro\/2019\/sectiuni-concurs\/sisteme-mecatronice-de-zbor-fara-pilot\/\",\"url\":\"https:\/\/zem.utcluj.ro\/2019\/sectiuni-concurs\/sisteme-mecatronice-de-zbor-fara-pilot\/\",\"name\":\"Sisteme mecatronice de zbor f\u0103r\u0103 pilot - ZEM 2019 - Zilele Educatiei Mecatronice 2019\",\"isPartOf\":{\"@id\":\"https:\/\/zem.utcluj.ro\/2019\/#website\"},\"primaryImageOfPage\":{\"@id\":\"https:\/\/zem.utcluj.ro\/2019\/sectiuni-concurs\/sisteme-mecatronice-de-zbor-fara-pilot\/#primaryimage\"},\"image\":{\"@id\":\"https:\/\/zem.utcluj.ro\/2019\/sectiuni-concurs\/sisteme-mecatronice-de-zbor-fara-pilot\/#primaryimage\"},\"thumbnailUrl\":\"https:\/\/zem.utcluj.ro\/2019\/wp-content\/uploads\/2019\/04\/dr_3-1024x768.jpg\",\"datePublished\":\"2019-04-08T12:27:05+00:00\",\"dateModified\":\"2019-04-14T17:36:30+00:00\",\"breadcrumb\":{\"@id\":\"https:\/\/zem.utcluj.ro\/2019\/sectiuni-concurs\/sisteme-mecatronice-de-zbor-fara-pilot\/#breadcrumb\"},\"inLanguage\":\"en-US\",\"potentialAction\":[{\"@type\":\"ReadAction\",\"target\":[\"https:\/\/zem.utcluj.ro\/2019\/sectiuni-concurs\/sisteme-mecatronice-de-zbor-fara-pilot\/\"]}]},{\"@type\":\"ImageObject\",\"inLanguage\":\"en-US\",\"@id\":\"https:\/\/zem.utcluj.ro\/2019\/sectiuni-concurs\/sisteme-mecatronice-de-zbor-fara-pilot\/#primaryimage\",\"url\":\"https:\/\/zem.utcluj.ro\/2019\/wp-content\/uploads\/2019\/04\/dr_3-1024x768.jpg\",\"contentUrl\":\"https:\/\/zem.utcluj.ro\/2019\/wp-content\/uploads\/2019\/04\/dr_3-1024x768.jpg\"},{\"@type\":\"BreadcrumbList\",\"@id\":\"https:\/\/zem.utcluj.ro\/2019\/sectiuni-concurs\/sisteme-mecatronice-de-zbor-fara-pilot\/#breadcrumb\",\"itemListElement\":[{\"@type\":\"ListItem\",\"position\":1,\"name\":\"Home\",\"item\":\"https:\/\/zem.utcluj.ro\/2019\/\"},{\"@type\":\"ListItem\",\"position\":2,\"name\":\"Sec\u021biuni Concurs\",\"item\":\"https:\/\/zem.utcluj.ro\/2019\/sectiuni-concurs\/\"},{\"@type\":\"ListItem\",\"position\":3,\"name\":\"Sisteme mecatronice de zbor f\u0103r\u0103 pilot\"}]},{\"@type\":\"WebSite\",\"@id\":\"https:\/\/zem.utcluj.ro\/2019\/#website\",\"url\":\"https:\/\/zem.utcluj.ro\/2019\/\",\"name\":\"ZEM 2019 - Zilele Educatiei Mecatronice 2019\",\"description\":\"Concursul National de Mecatronica - Editia a X-a\",\"publisher\":{\"@id\":\"https:\/\/zem.utcluj.ro\/2019\/#organization\"},\"potentialAction\":[{\"@type\":\"SearchAction\",\"target\":{\"@type\":\"EntryPoint\",\"urlTemplate\":\"https:\/\/zem.utcluj.ro\/2019\/?s={search_term_string}\"},\"query-input\":{\"@type\":\"PropertyValueSpecification\",\"valueRequired\":true,\"valueName\":\"search_term_string\"}}],\"inLanguage\":\"en-US\"},{\"@type\":\"Organization\",\"@id\":\"https:\/\/zem.utcluj.ro\/2019\/#organization\",\"name\":\"Technical University of Cluj-Napoca\",\"url\":\"https:\/\/zem.utcluj.ro\/2019\/\",\"logo\":{\"@type\":\"ImageObject\",\"inLanguage\":\"en-US\",\"@id\":\"https:\/\/zem.utcluj.ro\/2019\/#\/schema\/logo\/image\/\",\"url\":\"https:\/\/zem.utcluj.ro\/2019\/wp-content\/uploads\/2019\/04\/logo-zem.png\",\"contentUrl\":\"https:\/\/zem.utcluj.ro\/2019\/wp-content\/uploads\/2019\/04\/logo-zem.png\",\"width\":440,\"height\":185,\"caption\":\"Technical University of Cluj-Napoca\"},\"image\":{\"@id\":\"https:\/\/zem.utcluj.ro\/2019\/#\/schema\/logo\/image\/\"}}]}<\/script>\n<!-- \/ Yoast SEO plugin. -->","yoast_head_json":{"title":"Sisteme mecatronice de zbor f\u0103r\u0103 pilot - ZEM 2019 - Zilele Educatiei Mecatronice 2019","robots":{"index":"index","follow":"follow","max-snippet":"max-snippet:-1","max-image-preview":"max-image-preview:large","max-video-preview":"max-video-preview:-1"},"canonical":"https:\/\/zem.utcluj.ro\/2019\/sectiuni-concurs\/sisteme-mecatronice-de-zbor-fara-pilot\/","og_locale":"en_US","og_type":"article","og_title":"Sisteme mecatronice de zbor f\u0103r\u0103 pilot - ZEM 2019 - Zilele Educatiei Mecatronice 2019","og_description":"Concurs Na\u021bional de Sisteme Mecatronice de Zbor f\u0103r\u0103 pilot Concursul urm\u0103re\u0219te stimularea \u0219i premierea studen\u021bilor cu preg\u0103tire de excelen\u021b\u0103 \u00een domeniul sistemelor mecatronice, \u00een proiectarea, realizarea \u0219i programarea de sisteme mecatronice avansate, cu control autonom sau teleoperare. Fiecare echip\u0103 participant\u0103 trebuie s\u0103 proiecteze \u0219i s\u0103 realizeze un sistem de tip UAV (Unmanned Aerial Vehicle &#8211;&hellip; Read more","og_url":"https:\/\/zem.utcluj.ro\/2019\/sectiuni-concurs\/sisteme-mecatronice-de-zbor-fara-pilot\/","og_site_name":"ZEM 2019 - Zilele Educatiei Mecatronice 2019","article_modified_time":"2019-04-14T17:36:30+00:00","og_image":[{"width":1024,"height":768,"url":"https:\/\/zem.utcluj.ro\/2019\/wp-content\/uploads\/2019\/04\/dr_3-1024x768.jpg","type":"image\/jpeg"}],"twitter_card":"summary_large_image","twitter_misc":{"Est. reading time":"1 minute"},"schema":{"@context":"https:\/\/schema.org","@graph":[{"@type":"WebPage","@id":"https:\/\/zem.utcluj.ro\/2019\/sectiuni-concurs\/sisteme-mecatronice-de-zbor-fara-pilot\/","url":"https:\/\/zem.utcluj.ro\/2019\/sectiuni-concurs\/sisteme-mecatronice-de-zbor-fara-pilot\/","name":"Sisteme mecatronice de zbor f\u0103r\u0103 pilot - ZEM 2019 - Zilele Educatiei Mecatronice 2019","isPartOf":{"@id":"https:\/\/zem.utcluj.ro\/2019\/#website"},"primaryImageOfPage":{"@id":"https:\/\/zem.utcluj.ro\/2019\/sectiuni-concurs\/sisteme-mecatronice-de-zbor-fara-pilot\/#primaryimage"},"image":{"@id":"https:\/\/zem.utcluj.ro\/2019\/sectiuni-concurs\/sisteme-mecatronice-de-zbor-fara-pilot\/#primaryimage"},"thumbnailUrl":"https:\/\/zem.utcluj.ro\/2019\/wp-content\/uploads\/2019\/04\/dr_3-1024x768.jpg","datePublished":"2019-04-08T12:27:05+00:00","dateModified":"2019-04-14T17:36:30+00:00","breadcrumb":{"@id":"https:\/\/zem.utcluj.ro\/2019\/sectiuni-concurs\/sisteme-mecatronice-de-zbor-fara-pilot\/#breadcrumb"},"inLanguage":"en-US","potentialAction":[{"@type":"ReadAction","target":["https:\/\/zem.utcluj.ro\/2019\/sectiuni-concurs\/sisteme-mecatronice-de-zbor-fara-pilot\/"]}]},{"@type":"ImageObject","inLanguage":"en-US","@id":"https:\/\/zem.utcluj.ro\/2019\/sectiuni-concurs\/sisteme-mecatronice-de-zbor-fara-pilot\/#primaryimage","url":"https:\/\/zem.utcluj.ro\/2019\/wp-content\/uploads\/2019\/04\/dr_3-1024x768.jpg","contentUrl":"https:\/\/zem.utcluj.ro\/2019\/wp-content\/uploads\/2019\/04\/dr_3-1024x768.jpg"},{"@type":"BreadcrumbList","@id":"https:\/\/zem.utcluj.ro\/2019\/sectiuni-concurs\/sisteme-mecatronice-de-zbor-fara-pilot\/#breadcrumb","itemListElement":[{"@type":"ListItem","position":1,"name":"Home","item":"https:\/\/zem.utcluj.ro\/2019\/"},{"@type":"ListItem","position":2,"name":"Sec\u021biuni Concurs","item":"https:\/\/zem.utcluj.ro\/2019\/sectiuni-concurs\/"},{"@type":"ListItem","position":3,"name":"Sisteme mecatronice de zbor f\u0103r\u0103 pilot"}]},{"@type":"WebSite","@id":"https:\/\/zem.utcluj.ro\/2019\/#website","url":"https:\/\/zem.utcluj.ro\/2019\/","name":"ZEM 2019 - Zilele Educatiei Mecatronice 2019","description":"Concursul National de Mecatronica - Editia a X-a","publisher":{"@id":"https:\/\/zem.utcluj.ro\/2019\/#organization"},"potentialAction":[{"@type":"SearchAction","target":{"@type":"EntryPoint","urlTemplate":"https:\/\/zem.utcluj.ro\/2019\/?s={search_term_string}"},"query-input":{"@type":"PropertyValueSpecification","valueRequired":true,"valueName":"search_term_string"}}],"inLanguage":"en-US"},{"@type":"Organization","@id":"https:\/\/zem.utcluj.ro\/2019\/#organization","name":"Technical University of Cluj-Napoca","url":"https:\/\/zem.utcluj.ro\/2019\/","logo":{"@type":"ImageObject","inLanguage":"en-US","@id":"https:\/\/zem.utcluj.ro\/2019\/#\/schema\/logo\/image\/","url":"https:\/\/zem.utcluj.ro\/2019\/wp-content\/uploads\/2019\/04\/logo-zem.png","contentUrl":"https:\/\/zem.utcluj.ro\/2019\/wp-content\/uploads\/2019\/04\/logo-zem.png","width":440,"height":185,"caption":"Technical University of Cluj-Napoca"},"image":{"@id":"https:\/\/zem.utcluj.ro\/2019\/#\/schema\/logo\/image\/"}}]}},"_links":{"self":[{"href":"https:\/\/zem.utcluj.ro\/2019\/wp-json\/wp\/v2\/pages\/37","targetHints":{"allow":["GET"]}}],"collection":[{"href":"https:\/\/zem.utcluj.ro\/2019\/wp-json\/wp\/v2\/pages"}],"about":[{"href":"https:\/\/zem.utcluj.ro\/2019\/wp-json\/wp\/v2\/types\/page"}],"author":[{"embeddable":true,"href":"https:\/\/zem.utcluj.ro\/2019\/wp-json\/wp\/v2\/users\/1"}],"replies":[{"embeddable":true,"href":"https:\/\/zem.utcluj.ro\/2019\/wp-json\/wp\/v2\/comments?post=37"}],"version-history":[{"count":8,"href":"https:\/\/zem.utcluj.ro\/2019\/wp-json\/wp\/v2\/pages\/37\/revisions"}],"predecessor-version":[{"id":458,"href":"https:\/\/zem.utcluj.ro\/2019\/wp-json\/wp\/v2\/pages\/37\/revisions\/458"}],"up":[{"embeddable":true,"href":"https:\/\/zem.utcluj.ro\/2019\/wp-json\/wp\/v2\/pages\/22"}],"wp:attachment":[{"href":"https:\/\/zem.utcluj.ro\/2019\/wp-json\/wp\/v2\/media?parent=37"}],"curies":[{"name":"wp","href":"https:\/\/api.w.org\/{rel}","templated":true}]}}