{"id":364,"date":"2019-04-14T15:12:21","date_gmt":"2019-04-14T13:12:21","guid":{"rendered":"https:\/\/zem.utcluj.ro\/2019\/?page_id=364"},"modified":"2019-04-14T19:28:28","modified_gmt":"2019-04-14T17:28:28","slug":"bosch","status":"publish","type":"page","link":"https:\/\/zem.utcluj.ro\/2019\/sponsori\/bosch\/","title":{"rendered":"Bosch (Jucu &#8211; Cluj)"},"content":{"rendered":"\n<h3 class=\"wp-block-heading\">Bosch (Jucu &#8211; Cluj)<\/h3>\n\n\n\n<p style=\"text-align:left\"><strong>Pune bazele de\nm\u00e2ine. <\/strong>S-ar putea s\u0103 nu \u0219tii cum, dar un lucru e sigur: vrei\ns\u0103 modelezi viitorul cu ideile tale. La Bosch, ai posibilitatea de a aprofunda\nsubiecte de interes \u00een diverse arii de munc\u0103, \u00eenc\u0103 din timpul studiilor.<\/p>\n\n\n\n<p style=\"text-align:left\">Vino la UTC-N \u00een cadru Zilelor Educa\u021biei Mecatronice\n2019 \u0219i ai ocazia s\u0103 cuno\u0219ti echipa din fabrica Bosch, divizia Automotive Electronics.&nbsp; <\/p>\n\n\n\n<p style=\"text-align:left\">\u00cen plus, compania Bosch ofer\u0103 programul working student@Bosch, dedicat doar studen\u021bilor. Dac\u0103 e\u0219ti interesat de programele dedicate studen\u021bilor,\nte invit\u0103m la o discu\u021bie la standul Bosch. Alf\u0103 mai multe pe &nbsp;<a href=\"http:\/\/www.bosch-career.ro\/\" target=\"_blank\" rel=\"noreferrer noopener\">www.bosch-career.ro<\/a>, sec\u021biunea\nstuden\u021bi. <\/p>\n\n\n\n<p style=\"text-align:left\"><strong>Descriere Companie: <\/strong>Bosch Cluj &#8211; Furniz\u0103m tehnologia din spatele tehnologiei. Inova\u021biile\nnoastre aduc un plus de valoare \u0219i reprezint\u0103 \u201eTehnic\u0103 pentru o via\u021b\u0103&#8221;,\noferind un nivel ridicat de calitate, performan\u021b\u0103 \u0219i fiabilitate pentru a\nsatisface nevoile oamenilor, protej\u00e2nd \u00een acela\u0219i timp mediul \u00eenconjur\u0103tor. <\/p>\n\n\n\n<p style=\"text-align:left\">\u00cen Cluj compania Bosch produce unit\u0103\u021bi electronice de\ncontrol pentru clien\u021bi globali din industria auto, folosind tehnologie de\nultim\u0103 genera\u021bie \u0219i men\u021bin\u00e2nd o dezvoltarea continu\u0103 \u0219i durabil\u0103.<\/p>\n\n\n\n<p style=\"text-align:left\">Calitate, Fiabilitate \u0219i Inova\u021bie &#8211; sunt punctele\nforte ale echipei din Cluj \u0219i care ghideaz\u0103 activitatea contribuind la\ncompetitivitatea \u0219i succesul Bosch la nivel global \u2013 Tehnic\u0103 pentru via\u021b\u0103<\/p>\n\n\n\n<p style=\"text-align:left\"><strong>Grupul Bosch<\/strong>: este prezent pe pia\u021ba din Rom\u00e2nia de aproximativ 25 de ani \u0219i num\u0103r\u0103 peste 6.500 de angaja\u021bi. Cu dou\u0103 fabrici, un centru de cercetare \u0219i dezvoltare \u0219i birouri de v\u00e2nz\u0103ri, toate cele patru sectoare de activitate ale grupului sunt reprezentate \u00een Rom\u00e2nia: Solu\u021bii de mobilitate, Bunuri de larg consum, Tehnologie pentru construc\u021bii \u0219i energie \u0219i Tehnologie industrial\u0103.<\/p>\n\n\n\n<p style=\"text-align:left\">Bosch \u00een Rom\u00e2nia face parte din Grupul Bosch, lider\nglobal \u00een furnizarea de tehnologii \u0219i servicii. Obiectivul strategic al\nGrupului Bosch este de a furniza inova\u021bii pentru o via\u021b\u0103 conectat\u0103. Bosch spore\u0219te\ncalitatea vie\u021bii la nivel mondial prin produse \u0219i servicii inovatoare \u0219i care\nst\u00e2rnesc entuziasm. Pe scurt, Bosch creeaz\u0103 \u201eTehnic\u0103 pentru o via\u021b\u0103.&#8221;<\/p>\n\n\n\n<p style=\"text-align:left\">\u00cen Cluj, Bosch opereaz\u0103 o unitate de produc\u021bie pentru\ncomponente electronice auto din anul 2014. \u00cen cadrul fabricii func\u021bioneaz\u0103, din\n2017, \u0219i un Centru de Training cu s\u0103li de instruire moderne \u0219i laboratoare de\nultim\u0103 genera\u021bie, dedicat form\u0103rii elevilor din cadrul sistemului de \u00eenv\u0103\u021b\u0103m\u00e2nt\ndual, dar \u0219i pentru dezvoltarea continu\u0103 a angaja\u021bilor Bosch.<\/p>\n\n\n\n<p style=\"text-align:left\">La fabrica Bosch Cluj, compania produce componente\nelectronice de control pentru domenii precum siguran\u021b\u0103 \u0219i confort sau asisten\u021b\u0103\nla condus, cum ar fi unit\u0103\u021bi de control electronice pentru sistemul de\npropulsie eBike, pentru asisten\u021b\u0103 la parcare, dar \u0219i unit\u0103\u021bi de control pentru\nmotor \u0219i pentru airbag.<\/p>\n\n\n\n<p style=\"text-align:left\">Pentru cre\u0219terea competitivit\u0103\u021bii \u0219i eficientizarea\nproduc\u021biei, Bosch a implementat \u00een loca\u021bia din Jucu solu\u021bii de Industrie 4.0,\ncum ar fi MES (Manufacturing Execution System).<\/p>\n\n\n\n<p style=\"text-align:left\">Pentru mai multe detalii, accesa\u021bi <a href=\"https:\/\/www.bosch.ro\/\">https:\/\/www.bosch.ro\/<\/a><\/p>\n","protected":false},"excerpt":{"rendered":"<p>Bosch (Jucu &#8211; Cluj) Pune bazele de m\u00e2ine. S-ar putea s\u0103 nu \u0219tii cum, dar un lucru e sigur: vrei s\u0103 modelezi viitorul cu ideile tale. La Bosch, ai posibilitatea de a aprofunda subiecte de interes \u00een diverse arii de munc\u0103, \u00eenc\u0103 din timpul studiilor. Vino la UTC-N \u00een cadru Zilelor Educa\u021biei Mecatronice 2019 \u0219i&hellip; <br \/> <a class=\"read-more\" href=\"https:\/\/zem.utcluj.ro\/2019\/sponsori\/bosch\/\">Read more<\/a><\/p>\n","protected":false},"author":1,"featured_media":0,"parent":57,"menu_order":1,"comment_status":"closed","ping_status":"closed","template":"","meta":{"footnotes":""},"class_list":["post-364","page","type-page","status-publish","hentry"],"yoast_head":"<!-- This site is optimized with the Yoast SEO plugin v23.9 - https:\/\/yoast.com\/wordpress\/plugins\/seo\/ -->\n<title>Bosch (Jucu - Cluj) - ZEM 2019 - Zilele Educatiei Mecatronice 2019<\/title>\n<meta name=\"robots\" content=\"index, follow, max-snippet:-1, max-image-preview:large, max-video-preview:-1\" \/>\n<link rel=\"canonical\" href=\"https:\/\/zem.utcluj.ro\/2019\/sponsori\/bosch\/\" \/>\n<meta property=\"og:locale\" content=\"en_US\" \/>\n<meta property=\"og:type\" content=\"article\" \/>\n<meta property=\"og:title\" content=\"Bosch (Jucu - Cluj) - ZEM 2019 - Zilele Educatiei Mecatronice 2019\" \/>\n<meta property=\"og:description\" content=\"Bosch (Jucu &#8211; Cluj) Pune bazele de m\u00e2ine. S-ar putea s\u0103 nu \u0219tii cum, dar un lucru e sigur: vrei s\u0103 modelezi viitorul cu ideile tale. La Bosch, ai posibilitatea de a aprofunda subiecte de interes \u00een diverse arii de munc\u0103, \u00eenc\u0103 din timpul studiilor. Vino la UTC-N \u00een cadru Zilelor Educa\u021biei Mecatronice 2019 \u0219i&hellip; Read more\" \/>\n<meta property=\"og:url\" content=\"https:\/\/zem.utcluj.ro\/2019\/sponsori\/bosch\/\" \/>\n<meta property=\"og:site_name\" content=\"ZEM 2019 - Zilele Educatiei Mecatronice 2019\" \/>\n<meta property=\"article:modified_time\" content=\"2019-04-14T17:28:28+00:00\" \/>\n<meta name=\"twitter:card\" content=\"summary_large_image\" \/>\n<meta name=\"twitter:label1\" content=\"Est. reading time\" \/>\n\t<meta name=\"twitter:data1\" content=\"2 minutes\" \/>\n<script type=\"application\/ld+json\" class=\"yoast-schema-graph\">{\"@context\":\"https:\/\/schema.org\",\"@graph\":[{\"@type\":\"WebPage\",\"@id\":\"https:\/\/zem.utcluj.ro\/2019\/sponsori\/bosch\/\",\"url\":\"https:\/\/zem.utcluj.ro\/2019\/sponsori\/bosch\/\",\"name\":\"Bosch (Jucu - Cluj) - ZEM 2019 - Zilele Educatiei Mecatronice 2019\",\"isPartOf\":{\"@id\":\"https:\/\/zem.utcluj.ro\/2019\/#website\"},\"datePublished\":\"2019-04-14T13:12:21+00:00\",\"dateModified\":\"2019-04-14T17:28:28+00:00\",\"breadcrumb\":{\"@id\":\"https:\/\/zem.utcluj.ro\/2019\/sponsori\/bosch\/#breadcrumb\"},\"inLanguage\":\"en-US\",\"potentialAction\":[{\"@type\":\"ReadAction\",\"target\":[\"https:\/\/zem.utcluj.ro\/2019\/sponsori\/bosch\/\"]}]},{\"@type\":\"BreadcrumbList\",\"@id\":\"https:\/\/zem.utcluj.ro\/2019\/sponsori\/bosch\/#breadcrumb\",\"itemListElement\":[{\"@type\":\"ListItem\",\"position\":1,\"name\":\"Home\",\"item\":\"https:\/\/zem.utcluj.ro\/2019\/\"},{\"@type\":\"ListItem\",\"position\":2,\"name\":\"Sponsori\",\"item\":\"https:\/\/zem.utcluj.ro\/2019\/sponsori\/\"},{\"@type\":\"ListItem\",\"position\":3,\"name\":\"Bosch (Jucu &#8211; Cluj)\"}]},{\"@type\":\"WebSite\",\"@id\":\"https:\/\/zem.utcluj.ro\/2019\/#website\",\"url\":\"https:\/\/zem.utcluj.ro\/2019\/\",\"name\":\"ZEM 2019 - Zilele Educatiei Mecatronice 2019\",\"description\":\"Concursul National de Mecatronica - Editia a X-a\",\"publisher\":{\"@id\":\"https:\/\/zem.utcluj.ro\/2019\/#organization\"},\"potentialAction\":[{\"@type\":\"SearchAction\",\"target\":{\"@type\":\"EntryPoint\",\"urlTemplate\":\"https:\/\/zem.utcluj.ro\/2019\/?s={search_term_string}\"},\"query-input\":{\"@type\":\"PropertyValueSpecification\",\"valueRequired\":true,\"valueName\":\"search_term_string\"}}],\"inLanguage\":\"en-US\"},{\"@type\":\"Organization\",\"@id\":\"https:\/\/zem.utcluj.ro\/2019\/#organization\",\"name\":\"Technical University of Cluj-Napoca\",\"url\":\"https:\/\/zem.utcluj.ro\/2019\/\",\"logo\":{\"@type\":\"ImageObject\",\"inLanguage\":\"en-US\",\"@id\":\"https:\/\/zem.utcluj.ro\/2019\/#\/schema\/logo\/image\/\",\"url\":\"https:\/\/zem.utcluj.ro\/2019\/wp-content\/uploads\/2019\/04\/logo-zem.png\",\"contentUrl\":\"https:\/\/zem.utcluj.ro\/2019\/wp-content\/uploads\/2019\/04\/logo-zem.png\",\"width\":440,\"height\":185,\"caption\":\"Technical University of Cluj-Napoca\"},\"image\":{\"@id\":\"https:\/\/zem.utcluj.ro\/2019\/#\/schema\/logo\/image\/\"}}]}<\/script>\n<!-- \/ Yoast SEO plugin. -->","yoast_head_json":{"title":"Bosch (Jucu - Cluj) - ZEM 2019 - Zilele Educatiei Mecatronice 2019","robots":{"index":"index","follow":"follow","max-snippet":"max-snippet:-1","max-image-preview":"max-image-preview:large","max-video-preview":"max-video-preview:-1"},"canonical":"https:\/\/zem.utcluj.ro\/2019\/sponsori\/bosch\/","og_locale":"en_US","og_type":"article","og_title":"Bosch (Jucu - Cluj) - ZEM 2019 - Zilele Educatiei Mecatronice 2019","og_description":"Bosch (Jucu &#8211; Cluj) Pune bazele de m\u00e2ine. S-ar putea s\u0103 nu \u0219tii cum, dar un lucru e sigur: vrei s\u0103 modelezi viitorul cu ideile tale. La Bosch, ai posibilitatea de a aprofunda subiecte de interes \u00een diverse arii de munc\u0103, \u00eenc\u0103 din timpul studiilor. Vino la UTC-N \u00een cadru Zilelor Educa\u021biei Mecatronice 2019 \u0219i&hellip; Read more","og_url":"https:\/\/zem.utcluj.ro\/2019\/sponsori\/bosch\/","og_site_name":"ZEM 2019 - Zilele Educatiei Mecatronice 2019","article_modified_time":"2019-04-14T17:28:28+00:00","twitter_card":"summary_large_image","twitter_misc":{"Est. reading time":"2 minutes"},"schema":{"@context":"https:\/\/schema.org","@graph":[{"@type":"WebPage","@id":"https:\/\/zem.utcluj.ro\/2019\/sponsori\/bosch\/","url":"https:\/\/zem.utcluj.ro\/2019\/sponsori\/bosch\/","name":"Bosch (Jucu - Cluj) - ZEM 2019 - Zilele Educatiei Mecatronice 2019","isPartOf":{"@id":"https:\/\/zem.utcluj.ro\/2019\/#website"},"datePublished":"2019-04-14T13:12:21+00:00","dateModified":"2019-04-14T17:28:28+00:00","breadcrumb":{"@id":"https:\/\/zem.utcluj.ro\/2019\/sponsori\/bosch\/#breadcrumb"},"inLanguage":"en-US","potentialAction":[{"@type":"ReadAction","target":["https:\/\/zem.utcluj.ro\/2019\/sponsori\/bosch\/"]}]},{"@type":"BreadcrumbList","@id":"https:\/\/zem.utcluj.ro\/2019\/sponsori\/bosch\/#breadcrumb","itemListElement":[{"@type":"ListItem","position":1,"name":"Home","item":"https:\/\/zem.utcluj.ro\/2019\/"},{"@type":"ListItem","position":2,"name":"Sponsori","item":"https:\/\/zem.utcluj.ro\/2019\/sponsori\/"},{"@type":"ListItem","position":3,"name":"Bosch (Jucu &#8211; Cluj)"}]},{"@type":"WebSite","@id":"https:\/\/zem.utcluj.ro\/2019\/#website","url":"https:\/\/zem.utcluj.ro\/2019\/","name":"ZEM 2019 - Zilele Educatiei Mecatronice 2019","description":"Concursul National de Mecatronica - Editia a X-a","publisher":{"@id":"https:\/\/zem.utcluj.ro\/2019\/#organization"},"potentialAction":[{"@type":"SearchAction","target":{"@type":"EntryPoint","urlTemplate":"https:\/\/zem.utcluj.ro\/2019\/?s={search_term_string}"},"query-input":{"@type":"PropertyValueSpecification","valueRequired":true,"valueName":"search_term_string"}}],"inLanguage":"en-US"},{"@type":"Organization","@id":"https:\/\/zem.utcluj.ro\/2019\/#organization","name":"Technical University of Cluj-Napoca","url":"https:\/\/zem.utcluj.ro\/2019\/","logo":{"@type":"ImageObject","inLanguage":"en-US","@id":"https:\/\/zem.utcluj.ro\/2019\/#\/schema\/logo\/image\/","url":"https:\/\/zem.utcluj.ro\/2019\/wp-content\/uploads\/2019\/04\/logo-zem.png","contentUrl":"https:\/\/zem.utcluj.ro\/2019\/wp-content\/uploads\/2019\/04\/logo-zem.png","width":440,"height":185,"caption":"Technical University of Cluj-Napoca"},"image":{"@id":"https:\/\/zem.utcluj.ro\/2019\/#\/schema\/logo\/image\/"}}]}},"_links":{"self":[{"href":"https:\/\/zem.utcluj.ro\/2019\/wp-json\/wp\/v2\/pages\/364","targetHints":{"allow":["GET"]}}],"collection":[{"href":"https:\/\/zem.utcluj.ro\/2019\/wp-json\/wp\/v2\/pages"}],"about":[{"href":"https:\/\/zem.utcluj.ro\/2019\/wp-json\/wp\/v2\/types\/page"}],"author":[{"embeddable":true,"href":"https:\/\/zem.utcluj.ro\/2019\/wp-json\/wp\/v2\/users\/1"}],"replies":[{"embeddable":true,"href":"https:\/\/zem.utcluj.ro\/2019\/wp-json\/wp\/v2\/comments?post=364"}],"version-history":[{"count":3,"href":"https:\/\/zem.utcluj.ro\/2019\/wp-json\/wp\/v2\/pages\/364\/revisions"}],"predecessor-version":[{"id":451,"href":"https:\/\/zem.utcluj.ro\/2019\/wp-json\/wp\/v2\/pages\/364\/revisions\/451"}],"up":[{"embeddable":true,"href":"https:\/\/zem.utcluj.ro\/2019\/wp-json\/wp\/v2\/pages\/57"}],"wp:attachment":[{"href":"https:\/\/zem.utcluj.ro\/2019\/wp-json\/wp\/v2\/media?parent=364"}],"curies":[{"name":"wp","href":"https:\/\/api.w.org\/{rel}","templated":true}]}}