{"id":35,"date":"2019-04-08T14:25:54","date_gmt":"2019-04-08T12:25:54","guid":{"rendered":"https:\/\/zem.utcluj.ro\/2019\/?page_id=35"},"modified":"2019-05-18T09:37:58","modified_gmt":"2019-05-18T07:37:58","slug":"sisteme-mecatronice-industriale","status":"publish","type":"page","link":"https:\/\/zem.utcluj.ro\/2019\/sectiuni-concurs\/sisteme-mecatronice-industriale\/","title":{"rendered":"Sisteme mecatronice industriale"},"content":{"rendered":"\n<h3 class=\"wp-block-heading\">Concurs Na\u021bional de Sisteme Mecatronice Industriale<\/h3>\n\n\n\n<p style=\"text-align:left\">Obiectivul general al concursului de Sisteme Mecatronice este verificarea, testarea \u0219i premierea studen\u021bilor cu preg\u0103tire de excelen\u021b\u0103 \u00een domeniul sistemelor mecatronice industriale, respectiv promovarea domeniului \u00een mediul educational \u0219i cel industrial. Echipele participante trebuie s\u0103 asambleze, s\u0103 calibreze \u0219i s\u0103 pun\u0103 \u00een func\u021biune un sistem mecatronic industrial, s\u0103 identifice \u0219i s\u0103 remedieze anumite defec\u021biuni, s\u0103 programeze func\u021bionalitatea sistemului \u00eentr-un limbaj industrial, totul \u00een acord cu cerin\u021bele \u0219i constr\u00e2ngerile impuse de <em>comisia<\/em> concursului. <\/p>\n\n\n\n<p style=\"text-align:left\">Concursul este adresat studen\u021bilor de la specializ\u0103rile de Mecatronic\u0103, nivel licen\u021b\u0103 \u0219i master. Fiecare universitate poate participa cu o singur\u0103 echip\u0103 \u00een concurs. Selec\u021bia echipelor reprezentante revine departamentelor de specialitate care conduc aceste specializ\u0103ri.<\/p>\n\n\n\n<ul class=\"wp-block-list\"><li><strong><a href=\"\/wp-content\/uploads\/2019\/05\/Regulament_SM-ZEM2019-v3.pdf\">Regulament Sisteme Mecatronice Industriale 2019<\/a><\/strong><\/li><li><strong><a href=\"\/wp-content\/uploads\/2019\/05\/Anexa-1-Echipamente-v2.pdf\">Anexa 1 &#8211; Echipamente<\/a><\/strong><\/li><li><strong><a href=\"\/wp-content\/uploads\/2019\/05\/Anexa-2-Conector-banda.pdf\">Anexa 2 &#8211; Conector band\u0103<\/a><\/strong><\/li><li><strong><a href=\"\/wp-content\/uploads\/2019\/05\/Anexa-3-Cerinte-si-penalizari.pdf\">Anexa 3 &#8211; Cerin\u021be \u0219i Penaliz\u0103ri<\/a><\/strong><\/li><li><strong><a href=\"\/wp-content\/uploads\/2019\/05\/Anexa-4-Formular_Inscriere.docx\">Anexa 4 &#8211; Formular \u00censcriere<\/a><\/strong><\/li><li><strong><a href=\"\/wp-content\/uploads\/2019\/05\/Anexa-5-Contestatie.docx\">Anexa 5 &#8211; Contesta\u021bie<\/a><\/strong><br>\u00a0<\/li><\/ul>\n\n\n\n<ul class=\"wp-block-gallery aligncenter columns-3 is-cropped wp-block-gallery-1 is-layout-flex wp-block-gallery-is-layout-flex\"><li class=\"blocks-gallery-item\"><figure><a href=\"https:\/\/zem.utcluj.ro\/2019\/wp-content\/uploads\/2019\/04\/smi_1-1024x768.jpg\"><img loading=\"lazy\" decoding=\"async\" width=\"1024\" height=\"768\" src=\"https:\/\/zem.utcluj.ro\/2019\/wp-content\/uploads\/2019\/04\/smi_1-1024x768.jpg\" alt=\"\" data-id=\"401\" data-link=\"https:\/\/zem.utcluj.ro\/2019\/sectiuni-concurs\/sisteme-mecatronice-industriale\/smi_1\/\" class=\"wp-image-401\" srcset=\"https:\/\/zem.utcluj.ro\/2019\/wp-content\/uploads\/2019\/04\/smi_1-1024x768.jpg 1024w, https:\/\/zem.utcluj.ro\/2019\/wp-content\/uploads\/2019\/04\/smi_1-300x225.jpg 300w, https:\/\/zem.utcluj.ro\/2019\/wp-content\/uploads\/2019\/04\/smi_1-768x576.jpg 768w, https:\/\/zem.utcluj.ro\/2019\/wp-content\/uploads\/2019\/04\/smi_1-1440x1080.jpg 1440w\" sizes=\"auto, (max-width: 1024px) 100vw, 1024px\" \/><\/a><\/figure><\/li><li class=\"blocks-gallery-item\"><figure><a href=\"https:\/\/zem.utcluj.ro\/2019\/wp-content\/uploads\/2019\/04\/smi_2-1024x768.jpg\"><img loading=\"lazy\" decoding=\"async\" width=\"1024\" height=\"768\" src=\"https:\/\/zem.utcluj.ro\/2019\/wp-content\/uploads\/2019\/04\/smi_2-1024x768.jpg\" alt=\"\" data-id=\"402\" data-link=\"https:\/\/zem.utcluj.ro\/2019\/sectiuni-concurs\/sisteme-mecatronice-industriale\/smi_2\/\" class=\"wp-image-402\" srcset=\"https:\/\/zem.utcluj.ro\/2019\/wp-content\/uploads\/2019\/04\/smi_2-1024x768.jpg 1024w, https:\/\/zem.utcluj.ro\/2019\/wp-content\/uploads\/2019\/04\/smi_2-300x225.jpg 300w, https:\/\/zem.utcluj.ro\/2019\/wp-content\/uploads\/2019\/04\/smi_2-768x576.jpg 768w, https:\/\/zem.utcluj.ro\/2019\/wp-content\/uploads\/2019\/04\/smi_2-1440x1080.jpg 1440w\" sizes=\"auto, (max-width: 1024px) 100vw, 1024px\" \/><\/a><\/figure><\/li><li class=\"blocks-gallery-item\"><figure><a href=\"https:\/\/zem.utcluj.ro\/2019\/wp-content\/uploads\/2019\/04\/smi_3-1024x768.jpg\"><img loading=\"lazy\" decoding=\"async\" width=\"1024\" height=\"768\" src=\"https:\/\/zem.utcluj.ro\/2019\/wp-content\/uploads\/2019\/04\/smi_3-1024x768.jpg\" alt=\"\" data-id=\"403\" data-link=\"https:\/\/zem.utcluj.ro\/2019\/sectiuni-concurs\/sisteme-mecatronice-industriale\/smi_3\/\" class=\"wp-image-403\" srcset=\"https:\/\/zem.utcluj.ro\/2019\/wp-content\/uploads\/2019\/04\/smi_3-1024x768.jpg 1024w, https:\/\/zem.utcluj.ro\/2019\/wp-content\/uploads\/2019\/04\/smi_3-300x225.jpg 300w, https:\/\/zem.utcluj.ro\/2019\/wp-content\/uploads\/2019\/04\/smi_3-768x576.jpg 768w, https:\/\/zem.utcluj.ro\/2019\/wp-content\/uploads\/2019\/04\/smi_3-1440x1080.jpg 1440w\" sizes=\"auto, (max-width: 1024px) 100vw, 1024px\" \/><\/a><\/figure><\/li><li class=\"blocks-gallery-item\"><figure><a href=\"https:\/\/zem.utcluj.ro\/2019\/wp-content\/uploads\/2019\/04\/smi_4-1024x768.jpg\"><img loading=\"lazy\" decoding=\"async\" width=\"1024\" height=\"768\" src=\"https:\/\/zem.utcluj.ro\/2019\/wp-content\/uploads\/2019\/04\/smi_4-1024x768.jpg\" alt=\"\" data-id=\"404\" data-link=\"https:\/\/zem.utcluj.ro\/2019\/sectiuni-concurs\/sisteme-mecatronice-industriale\/smi_4\/\" class=\"wp-image-404\" srcset=\"https:\/\/zem.utcluj.ro\/2019\/wp-content\/uploads\/2019\/04\/smi_4-1024x768.jpg 1024w, https:\/\/zem.utcluj.ro\/2019\/wp-content\/uploads\/2019\/04\/smi_4-300x225.jpg 300w, https:\/\/zem.utcluj.ro\/2019\/wp-content\/uploads\/2019\/04\/smi_4-768x576.jpg 768w, https:\/\/zem.utcluj.ro\/2019\/wp-content\/uploads\/2019\/04\/smi_4-1440x1080.jpg 1440w\" sizes=\"auto, (max-width: 1024px) 100vw, 1024px\" \/><\/a><\/figure><\/li><li class=\"blocks-gallery-item\"><figure><a href=\"https:\/\/zem.utcluj.ro\/2019\/wp-content\/uploads\/2019\/04\/smi_5-1024x768.jpg\"><img loading=\"lazy\" decoding=\"async\" width=\"1024\" height=\"768\" src=\"https:\/\/zem.utcluj.ro\/2019\/wp-content\/uploads\/2019\/04\/smi_5-1024x768.jpg\" alt=\"\" data-id=\"405\" data-link=\"https:\/\/zem.utcluj.ro\/2019\/sectiuni-concurs\/sisteme-mecatronice-industriale\/smi_5\/\" class=\"wp-image-405\" srcset=\"https:\/\/zem.utcluj.ro\/2019\/wp-content\/uploads\/2019\/04\/smi_5-1024x768.jpg 1024w, https:\/\/zem.utcluj.ro\/2019\/wp-content\/uploads\/2019\/04\/smi_5-300x225.jpg 300w, https:\/\/zem.utcluj.ro\/2019\/wp-content\/uploads\/2019\/04\/smi_5-768x576.jpg 768w, https:\/\/zem.utcluj.ro\/2019\/wp-content\/uploads\/2019\/04\/smi_5-1440x1080.jpg 1440w\" sizes=\"auto, (max-width: 1024px) 100vw, 1024px\" \/><\/a><\/figure><\/li><li class=\"blocks-gallery-item\"><figure><a href=\"https:\/\/zem.utcluj.ro\/2019\/wp-content\/uploads\/2019\/04\/smi_6-1024x768.jpg\"><img loading=\"lazy\" decoding=\"async\" width=\"1024\" height=\"768\" src=\"https:\/\/zem.utcluj.ro\/2019\/wp-content\/uploads\/2019\/04\/smi_6-1024x768.jpg\" alt=\"\" data-id=\"406\" data-link=\"https:\/\/zem.utcluj.ro\/2019\/sectiuni-concurs\/sisteme-mecatronice-industriale\/smi_6\/\" class=\"wp-image-406\" srcset=\"https:\/\/zem.utcluj.ro\/2019\/wp-content\/uploads\/2019\/04\/smi_6-1024x768.jpg 1024w, https:\/\/zem.utcluj.ro\/2019\/wp-content\/uploads\/2019\/04\/smi_6-300x225.jpg 300w, https:\/\/zem.utcluj.ro\/2019\/wp-content\/uploads\/2019\/04\/smi_6-768x576.jpg 768w, https:\/\/zem.utcluj.ro\/2019\/wp-content\/uploads\/2019\/04\/smi_6-1440x1080.jpg 1440w\" sizes=\"auto, (max-width: 1024px) 100vw, 1024px\" \/><\/a><\/figure><\/li><\/ul>\n","protected":false},"excerpt":{"rendered":"<p>Concurs Na\u021bional de Sisteme Mecatronice Industriale Obiectivul general al concursului de Sisteme Mecatronice este verificarea, testarea \u0219i premierea studen\u021bilor cu preg\u0103tire de excelen\u021b\u0103 \u00een domeniul sistemelor mecatronice industriale, respectiv promovarea domeniului \u00een mediul educational \u0219i cel industrial. Echipele participante trebuie s\u0103 asambleze, s\u0103 calibreze \u0219i s\u0103 pun\u0103 \u00een func\u021biune un sistem mecatronic industrial, s\u0103 identifice&hellip; <br \/> <a class=\"read-more\" href=\"https:\/\/zem.utcluj.ro\/2019\/sectiuni-concurs\/sisteme-mecatronice-industriale\/\">Read more<\/a><\/p>\n","protected":false},"author":1,"featured_media":0,"parent":22,"menu_order":2,"comment_status":"closed","ping_status":"closed","template":"page-templates\/page-with-left-sidebar.php","meta":{"footnotes":""},"class_list":["post-35","page","type-page","status-publish","hentry"],"yoast_head":"<!-- This site is optimized with the Yoast SEO plugin v23.9 - https:\/\/yoast.com\/wordpress\/plugins\/seo\/ -->\n<title>Sisteme mecatronice industriale - ZEM 2019 - Zilele Educatiei Mecatronice 2019<\/title>\n<meta name=\"robots\" content=\"index, follow, max-snippet:-1, max-image-preview:large, max-video-preview:-1\" \/>\n<link rel=\"canonical\" href=\"https:\/\/zem.utcluj.ro\/2019\/sectiuni-concurs\/sisteme-mecatronice-industriale\/\" \/>\n<meta property=\"og:locale\" content=\"en_US\" \/>\n<meta property=\"og:type\" content=\"article\" \/>\n<meta property=\"og:title\" content=\"Sisteme mecatronice industriale - ZEM 2019 - Zilele Educatiei Mecatronice 2019\" \/>\n<meta property=\"og:description\" content=\"Concurs Na\u021bional de Sisteme Mecatronice Industriale Obiectivul general al concursului de Sisteme Mecatronice este verificarea, testarea \u0219i premierea studen\u021bilor cu preg\u0103tire de excelen\u021b\u0103 \u00een domeniul sistemelor mecatronice industriale, respectiv promovarea domeniului \u00een mediul educational \u0219i cel industrial. Echipele participante trebuie s\u0103 asambleze, s\u0103 calibreze \u0219i s\u0103 pun\u0103 \u00een func\u021biune un sistem mecatronic industrial, s\u0103 identifice&hellip; Read more\" \/>\n<meta property=\"og:url\" content=\"https:\/\/zem.utcluj.ro\/2019\/sectiuni-concurs\/sisteme-mecatronice-industriale\/\" \/>\n<meta property=\"og:site_name\" content=\"ZEM 2019 - Zilele Educatiei Mecatronice 2019\" \/>\n<meta property=\"article:modified_time\" content=\"2019-05-18T07:37:58+00:00\" \/>\n<meta property=\"og:image\" content=\"https:\/\/zem.utcluj.ro\/2019\/wp-content\/uploads\/2019\/04\/smi_1-1024x768.jpg\" \/>\n\t<meta property=\"og:image:width\" content=\"1024\" \/>\n\t<meta property=\"og:image:height\" content=\"768\" \/>\n\t<meta property=\"og:image:type\" content=\"image\/jpeg\" \/>\n<meta name=\"twitter:card\" content=\"summary_large_image\" \/>\n<meta name=\"twitter:label1\" content=\"Est. reading time\" \/>\n\t<meta name=\"twitter:data1\" content=\"1 minute\" \/>\n<script type=\"application\/ld+json\" class=\"yoast-schema-graph\">{\"@context\":\"https:\/\/schema.org\",\"@graph\":[{\"@type\":\"WebPage\",\"@id\":\"https:\/\/zem.utcluj.ro\/2019\/sectiuni-concurs\/sisteme-mecatronice-industriale\/\",\"url\":\"https:\/\/zem.utcluj.ro\/2019\/sectiuni-concurs\/sisteme-mecatronice-industriale\/\",\"name\":\"Sisteme mecatronice industriale - ZEM 2019 - Zilele Educatiei Mecatronice 2019\",\"isPartOf\":{\"@id\":\"https:\/\/zem.utcluj.ro\/2019\/#website\"},\"primaryImageOfPage\":{\"@id\":\"https:\/\/zem.utcluj.ro\/2019\/sectiuni-concurs\/sisteme-mecatronice-industriale\/#primaryimage\"},\"image\":{\"@id\":\"https:\/\/zem.utcluj.ro\/2019\/sectiuni-concurs\/sisteme-mecatronice-industriale\/#primaryimage\"},\"thumbnailUrl\":\"https:\/\/zem.utcluj.ro\/2019\/wp-content\/uploads\/2019\/04\/smi_1-1024x768.jpg\",\"datePublished\":\"2019-04-08T12:25:54+00:00\",\"dateModified\":\"2019-05-18T07:37:58+00:00\",\"breadcrumb\":{\"@id\":\"https:\/\/zem.utcluj.ro\/2019\/sectiuni-concurs\/sisteme-mecatronice-industriale\/#breadcrumb\"},\"inLanguage\":\"en-US\",\"potentialAction\":[{\"@type\":\"ReadAction\",\"target\":[\"https:\/\/zem.utcluj.ro\/2019\/sectiuni-concurs\/sisteme-mecatronice-industriale\/\"]}]},{\"@type\":\"ImageObject\",\"inLanguage\":\"en-US\",\"@id\":\"https:\/\/zem.utcluj.ro\/2019\/sectiuni-concurs\/sisteme-mecatronice-industriale\/#primaryimage\",\"url\":\"https:\/\/zem.utcluj.ro\/2019\/wp-content\/uploads\/2019\/04\/smi_1-1024x768.jpg\",\"contentUrl\":\"https:\/\/zem.utcluj.ro\/2019\/wp-content\/uploads\/2019\/04\/smi_1-1024x768.jpg\"},{\"@type\":\"BreadcrumbList\",\"@id\":\"https:\/\/zem.utcluj.ro\/2019\/sectiuni-concurs\/sisteme-mecatronice-industriale\/#breadcrumb\",\"itemListElement\":[{\"@type\":\"ListItem\",\"position\":1,\"name\":\"Home\",\"item\":\"https:\/\/zem.utcluj.ro\/2019\/\"},{\"@type\":\"ListItem\",\"position\":2,\"name\":\"Sec\u021biuni Concurs\",\"item\":\"https:\/\/zem.utcluj.ro\/2019\/sectiuni-concurs\/\"},{\"@type\":\"ListItem\",\"position\":3,\"name\":\"Sisteme mecatronice industriale\"}]},{\"@type\":\"WebSite\",\"@id\":\"https:\/\/zem.utcluj.ro\/2019\/#website\",\"url\":\"https:\/\/zem.utcluj.ro\/2019\/\",\"name\":\"ZEM 2019 - Zilele Educatiei Mecatronice 2019\",\"description\":\"Concursul National de Mecatronica - Editia a X-a\",\"publisher\":{\"@id\":\"https:\/\/zem.utcluj.ro\/2019\/#organization\"},\"potentialAction\":[{\"@type\":\"SearchAction\",\"target\":{\"@type\":\"EntryPoint\",\"urlTemplate\":\"https:\/\/zem.utcluj.ro\/2019\/?s={search_term_string}\"},\"query-input\":{\"@type\":\"PropertyValueSpecification\",\"valueRequired\":true,\"valueName\":\"search_term_string\"}}],\"inLanguage\":\"en-US\"},{\"@type\":\"Organization\",\"@id\":\"https:\/\/zem.utcluj.ro\/2019\/#organization\",\"name\":\"Technical University of Cluj-Napoca\",\"url\":\"https:\/\/zem.utcluj.ro\/2019\/\",\"logo\":{\"@type\":\"ImageObject\",\"inLanguage\":\"en-US\",\"@id\":\"https:\/\/zem.utcluj.ro\/2019\/#\/schema\/logo\/image\/\",\"url\":\"https:\/\/zem.utcluj.ro\/2019\/wp-content\/uploads\/2019\/04\/logo-zem.png\",\"contentUrl\":\"https:\/\/zem.utcluj.ro\/2019\/wp-content\/uploads\/2019\/04\/logo-zem.png\",\"width\":440,\"height\":185,\"caption\":\"Technical University of Cluj-Napoca\"},\"image\":{\"@id\":\"https:\/\/zem.utcluj.ro\/2019\/#\/schema\/logo\/image\/\"}}]}<\/script>\n<!-- \/ Yoast SEO plugin. -->","yoast_head_json":{"title":"Sisteme mecatronice industriale - ZEM 2019 - Zilele Educatiei Mecatronice 2019","robots":{"index":"index","follow":"follow","max-snippet":"max-snippet:-1","max-image-preview":"max-image-preview:large","max-video-preview":"max-video-preview:-1"},"canonical":"https:\/\/zem.utcluj.ro\/2019\/sectiuni-concurs\/sisteme-mecatronice-industriale\/","og_locale":"en_US","og_type":"article","og_title":"Sisteme mecatronice industriale - ZEM 2019 - Zilele Educatiei Mecatronice 2019","og_description":"Concurs Na\u021bional de Sisteme Mecatronice Industriale Obiectivul general al concursului de Sisteme Mecatronice este verificarea, testarea \u0219i premierea studen\u021bilor cu preg\u0103tire de excelen\u021b\u0103 \u00een domeniul sistemelor mecatronice industriale, respectiv promovarea domeniului \u00een mediul educational \u0219i cel industrial. Echipele participante trebuie s\u0103 asambleze, s\u0103 calibreze \u0219i s\u0103 pun\u0103 \u00een func\u021biune un sistem mecatronic industrial, s\u0103 identifice&hellip; Read more","og_url":"https:\/\/zem.utcluj.ro\/2019\/sectiuni-concurs\/sisteme-mecatronice-industriale\/","og_site_name":"ZEM 2019 - Zilele Educatiei Mecatronice 2019","article_modified_time":"2019-05-18T07:37:58+00:00","og_image":[{"width":1024,"height":768,"url":"https:\/\/zem.utcluj.ro\/2019\/wp-content\/uploads\/2019\/04\/smi_1-1024x768.jpg","type":"image\/jpeg"}],"twitter_card":"summary_large_image","twitter_misc":{"Est. reading time":"1 minute"},"schema":{"@context":"https:\/\/schema.org","@graph":[{"@type":"WebPage","@id":"https:\/\/zem.utcluj.ro\/2019\/sectiuni-concurs\/sisteme-mecatronice-industriale\/","url":"https:\/\/zem.utcluj.ro\/2019\/sectiuni-concurs\/sisteme-mecatronice-industriale\/","name":"Sisteme mecatronice industriale - ZEM 2019 - Zilele Educatiei Mecatronice 2019","isPartOf":{"@id":"https:\/\/zem.utcluj.ro\/2019\/#website"},"primaryImageOfPage":{"@id":"https:\/\/zem.utcluj.ro\/2019\/sectiuni-concurs\/sisteme-mecatronice-industriale\/#primaryimage"},"image":{"@id":"https:\/\/zem.utcluj.ro\/2019\/sectiuni-concurs\/sisteme-mecatronice-industriale\/#primaryimage"},"thumbnailUrl":"https:\/\/zem.utcluj.ro\/2019\/wp-content\/uploads\/2019\/04\/smi_1-1024x768.jpg","datePublished":"2019-04-08T12:25:54+00:00","dateModified":"2019-05-18T07:37:58+00:00","breadcrumb":{"@id":"https:\/\/zem.utcluj.ro\/2019\/sectiuni-concurs\/sisteme-mecatronice-industriale\/#breadcrumb"},"inLanguage":"en-US","potentialAction":[{"@type":"ReadAction","target":["https:\/\/zem.utcluj.ro\/2019\/sectiuni-concurs\/sisteme-mecatronice-industriale\/"]}]},{"@type":"ImageObject","inLanguage":"en-US","@id":"https:\/\/zem.utcluj.ro\/2019\/sectiuni-concurs\/sisteme-mecatronice-industriale\/#primaryimage","url":"https:\/\/zem.utcluj.ro\/2019\/wp-content\/uploads\/2019\/04\/smi_1-1024x768.jpg","contentUrl":"https:\/\/zem.utcluj.ro\/2019\/wp-content\/uploads\/2019\/04\/smi_1-1024x768.jpg"},{"@type":"BreadcrumbList","@id":"https:\/\/zem.utcluj.ro\/2019\/sectiuni-concurs\/sisteme-mecatronice-industriale\/#breadcrumb","itemListElement":[{"@type":"ListItem","position":1,"name":"Home","item":"https:\/\/zem.utcluj.ro\/2019\/"},{"@type":"ListItem","position":2,"name":"Sec\u021biuni Concurs","item":"https:\/\/zem.utcluj.ro\/2019\/sectiuni-concurs\/"},{"@type":"ListItem","position":3,"name":"Sisteme mecatronice industriale"}]},{"@type":"WebSite","@id":"https:\/\/zem.utcluj.ro\/2019\/#website","url":"https:\/\/zem.utcluj.ro\/2019\/","name":"ZEM 2019 - Zilele Educatiei Mecatronice 2019","description":"Concursul National de Mecatronica - Editia a X-a","publisher":{"@id":"https:\/\/zem.utcluj.ro\/2019\/#organization"},"potentialAction":[{"@type":"SearchAction","target":{"@type":"EntryPoint","urlTemplate":"https:\/\/zem.utcluj.ro\/2019\/?s={search_term_string}"},"query-input":{"@type":"PropertyValueSpecification","valueRequired":true,"valueName":"search_term_string"}}],"inLanguage":"en-US"},{"@type":"Organization","@id":"https:\/\/zem.utcluj.ro\/2019\/#organization","name":"Technical University of Cluj-Napoca","url":"https:\/\/zem.utcluj.ro\/2019\/","logo":{"@type":"ImageObject","inLanguage":"en-US","@id":"https:\/\/zem.utcluj.ro\/2019\/#\/schema\/logo\/image\/","url":"https:\/\/zem.utcluj.ro\/2019\/wp-content\/uploads\/2019\/04\/logo-zem.png","contentUrl":"https:\/\/zem.utcluj.ro\/2019\/wp-content\/uploads\/2019\/04\/logo-zem.png","width":440,"height":185,"caption":"Technical University of Cluj-Napoca"},"image":{"@id":"https:\/\/zem.utcluj.ro\/2019\/#\/schema\/logo\/image\/"}}]}},"_links":{"self":[{"href":"https:\/\/zem.utcluj.ro\/2019\/wp-json\/wp\/v2\/pages\/35","targetHints":{"allow":["GET"]}}],"collection":[{"href":"https:\/\/zem.utcluj.ro\/2019\/wp-json\/wp\/v2\/pages"}],"about":[{"href":"https:\/\/zem.utcluj.ro\/2019\/wp-json\/wp\/v2\/types\/page"}],"author":[{"embeddable":true,"href":"https:\/\/zem.utcluj.ro\/2019\/wp-json\/wp\/v2\/users\/1"}],"replies":[{"embeddable":true,"href":"https:\/\/zem.utcluj.ro\/2019\/wp-json\/wp\/v2\/comments?post=35"}],"version-history":[{"count":12,"href":"https:\/\/zem.utcluj.ro\/2019\/wp-json\/wp\/v2\/pages\/35\/revisions"}],"predecessor-version":[{"id":634,"href":"https:\/\/zem.utcluj.ro\/2019\/wp-json\/wp\/v2\/pages\/35\/revisions\/634"}],"up":[{"embeddable":true,"href":"https:\/\/zem.utcluj.ro\/2019\/wp-json\/wp\/v2\/pages\/22"}],"wp:attachment":[{"href":"https:\/\/zem.utcluj.ro\/2019\/wp-json\/wp\/v2\/media?parent=35"}],"curies":[{"name":"wp","href":"https:\/\/api.w.org\/{rel}","templated":true}]}}