{"id":33,"date":"2019-04-08T14:24:42","date_gmt":"2019-04-08T12:24:42","guid":{"rendered":"https:\/\/zem.utcluj.ro\/2019\/?page_id=33"},"modified":"2019-04-14T19:34:58","modified_gmt":"2019-04-14T17:34:58","slug":"roboti-mobili","status":"publish","type":"page","link":"https:\/\/zem.utcluj.ro\/2019\/sectiuni-concurs\/roboti-mobili\/","title":{"rendered":"Robo\u021bi mobili"},"content":{"rendered":"\n<h3 class=\"wp-block-heading\">Concurs Na\u021bional de Robo\u021bi Mobili<\/h3>\n\n\n\n<p style=\"text-align:left\">Concursul de robo\u021bi mobili urm\u0103re\u0219te identificarea \u0219i premierea celor mai bune echipe studen\u021be\u0219ti de proiectan\u021bi \u0219i programatori de platforme mobile autonome (robo\u021bi mobili). O echip\u0103 se va prezenta \u00een concurs cu un singur tip de platform\u0103 cu care va participa la toate probele. Echipele trebuie s\u0103 proiecteze, s\u0103 realizeze \u0219i s\u0103 programeze aceste&nbsp; platforme, respectiv trebuie s\u0103 implementeze cele mai adecvate strategii de control pentru a putea parcurge traseele \u00een mod optim: s\u0103 dep\u0103\u0219easc\u0103 corect toate obstacole \u0219i s\u0103 parcurg\u0103 traseele \u00een timpul cel mai scurt. Este interzis\u0103 participarea \u00een concurs cu platforme achizi\u021bionate din comer\u021b. Fiecare echip\u0103 trebuie s\u0103 poat\u0103 demonstra paternitatea platformei de concurs.<\/p>\n\n\n\n<p style=\"text-align:left\">Concursul\neste adresat studen\u0163ilor de la specializ\u0103rile de Mecatronic\u0103, nivel licent\u0103 \u015fi\nmaster. Fiecare universitate poate participa cu o singur\u0103 echip\u0103 \u00een concurs.\nSelec\u0163ia echipelor reprezentante revine departamentelor de specialitate care\nconduc aceste specializ\u0103ri.<\/p>\n\n\n\n<ul class=\"wp-block-list\"><li style=\"text-align: left\"><strong><a href=\"\/wp-content\/uploads\/2019\/04\/Regulament_Roboti_Mobili-2019v1.pdf\">Regulament Robo\u021bi Mobili 2019<\/a><\/strong><\/li><li style=\"text-align: left\"><strong><a href=\"\/wp-content\/uploads\/2019\/04\/Anexa_1-Lista-senzori-auxiliari.pdf\">Anexa 1 &#8211; Lista senzorilor auxiliari<\/a><\/strong><br>&nbsp;<\/li><\/ul>\n\n\n\n<ul class=\"wp-block-gallery aligncenter columns-3 is-cropped wp-block-gallery-1 is-layout-flex wp-block-gallery-is-layout-flex\"><li class=\"blocks-gallery-item\"><figure><a href=\"https:\/\/zem.utcluj.ro\/2019\/wp-content\/uploads\/2019\/04\/rm_1-1024x768.jpg\"><img loading=\"lazy\" decoding=\"async\" width=\"1024\" height=\"768\" src=\"https:\/\/zem.utcluj.ro\/2019\/wp-content\/uploads\/2019\/04\/rm_1-1024x768.jpg\" alt=\"\" data-id=\"394\" data-link=\"https:\/\/zem.utcluj.ro\/2019\/sectiuni-concurs\/roboti-mobili\/rm_1\/\" class=\"wp-image-394\" srcset=\"https:\/\/zem.utcluj.ro\/2019\/wp-content\/uploads\/2019\/04\/rm_1-1024x768.jpg 1024w, https:\/\/zem.utcluj.ro\/2019\/wp-content\/uploads\/2019\/04\/rm_1-300x225.jpg 300w, https:\/\/zem.utcluj.ro\/2019\/wp-content\/uploads\/2019\/04\/rm_1-768x576.jpg 768w, https:\/\/zem.utcluj.ro\/2019\/wp-content\/uploads\/2019\/04\/rm_1-1440x1080.jpg 1440w\" sizes=\"auto, (max-width: 1024px) 100vw, 1024px\" \/><\/a><\/figure><\/li><li class=\"blocks-gallery-item\"><figure><a href=\"https:\/\/zem.utcluj.ro\/2019\/wp-content\/uploads\/2019\/04\/rm_2-1024x768.jpg\"><img loading=\"lazy\" decoding=\"async\" width=\"1024\" height=\"768\" src=\"https:\/\/zem.utcluj.ro\/2019\/wp-content\/uploads\/2019\/04\/rm_2-1024x768.jpg\" alt=\"\" data-id=\"395\" data-link=\"https:\/\/zem.utcluj.ro\/2019\/sectiuni-concurs\/roboti-mobili\/rm_2\/\" class=\"wp-image-395\" srcset=\"https:\/\/zem.utcluj.ro\/2019\/wp-content\/uploads\/2019\/04\/rm_2-1024x768.jpg 1024w, https:\/\/zem.utcluj.ro\/2019\/wp-content\/uploads\/2019\/04\/rm_2-300x225.jpg 300w, https:\/\/zem.utcluj.ro\/2019\/wp-content\/uploads\/2019\/04\/rm_2-768x576.jpg 768w, https:\/\/zem.utcluj.ro\/2019\/wp-content\/uploads\/2019\/04\/rm_2-1440x1080.jpg 1440w\" sizes=\"auto, (max-width: 1024px) 100vw, 1024px\" \/><\/a><\/figure><\/li><li class=\"blocks-gallery-item\"><figure><a href=\"https:\/\/zem.utcluj.ro\/2019\/wp-content\/uploads\/2019\/04\/rm_3-1024x768.jpg\"><img loading=\"lazy\" decoding=\"async\" width=\"1024\" height=\"768\" src=\"https:\/\/zem.utcluj.ro\/2019\/wp-content\/uploads\/2019\/04\/rm_3-1024x768.jpg\" alt=\"\" data-id=\"396\" data-link=\"https:\/\/zem.utcluj.ro\/2019\/sectiuni-concurs\/roboti-mobili\/rm_3\/\" class=\"wp-image-396\" srcset=\"https:\/\/zem.utcluj.ro\/2019\/wp-content\/uploads\/2019\/04\/rm_3-1024x768.jpg 1024w, https:\/\/zem.utcluj.ro\/2019\/wp-content\/uploads\/2019\/04\/rm_3-300x225.jpg 300w, https:\/\/zem.utcluj.ro\/2019\/wp-content\/uploads\/2019\/04\/rm_3-768x576.jpg 768w, https:\/\/zem.utcluj.ro\/2019\/wp-content\/uploads\/2019\/04\/rm_3-1440x1080.jpg 1440w\" sizes=\"auto, (max-width: 1024px) 100vw, 1024px\" \/><\/a><\/figure><\/li><li class=\"blocks-gallery-item\"><figure><a href=\"https:\/\/zem.utcluj.ro\/2019\/wp-content\/uploads\/2019\/04\/rm_4-1024x768.jpg\"><img loading=\"lazy\" decoding=\"async\" width=\"1024\" height=\"768\" src=\"https:\/\/zem.utcluj.ro\/2019\/wp-content\/uploads\/2019\/04\/rm_4-1024x768.jpg\" alt=\"\" data-id=\"397\" data-link=\"https:\/\/zem.utcluj.ro\/2019\/sectiuni-concurs\/roboti-mobili\/rm_4\/\" class=\"wp-image-397\" srcset=\"https:\/\/zem.utcluj.ro\/2019\/wp-content\/uploads\/2019\/04\/rm_4-1024x768.jpg 1024w, https:\/\/zem.utcluj.ro\/2019\/wp-content\/uploads\/2019\/04\/rm_4-300x225.jpg 300w, https:\/\/zem.utcluj.ro\/2019\/wp-content\/uploads\/2019\/04\/rm_4-768x576.jpg 768w, https:\/\/zem.utcluj.ro\/2019\/wp-content\/uploads\/2019\/04\/rm_4-1440x1080.jpg 1440w\" sizes=\"auto, (max-width: 1024px) 100vw, 1024px\" \/><\/a><\/figure><\/li><li class=\"blocks-gallery-item\"><figure><a href=\"https:\/\/zem.utcluj.ro\/2019\/wp-content\/uploads\/2019\/04\/rm_5-1024x768.jpg\"><img loading=\"lazy\" decoding=\"async\" width=\"1024\" height=\"768\" src=\"https:\/\/zem.utcluj.ro\/2019\/wp-content\/uploads\/2019\/04\/rm_5-1024x768.jpg\" alt=\"\" data-id=\"398\" data-link=\"https:\/\/zem.utcluj.ro\/2019\/sectiuni-concurs\/roboti-mobili\/rm_5\/\" class=\"wp-image-398\" srcset=\"https:\/\/zem.utcluj.ro\/2019\/wp-content\/uploads\/2019\/04\/rm_5-1024x768.jpg 1024w, https:\/\/zem.utcluj.ro\/2019\/wp-content\/uploads\/2019\/04\/rm_5-300x225.jpg 300w, https:\/\/zem.utcluj.ro\/2019\/wp-content\/uploads\/2019\/04\/rm_5-768x576.jpg 768w, https:\/\/zem.utcluj.ro\/2019\/wp-content\/uploads\/2019\/04\/rm_5-1440x1080.jpg 1440w\" sizes=\"auto, (max-width: 1024px) 100vw, 1024px\" \/><\/a><\/figure><\/li><li class=\"blocks-gallery-item\"><figure><a href=\"https:\/\/zem.utcluj.ro\/2019\/wp-content\/uploads\/2019\/04\/rm_6-1024x768.jpg\"><img loading=\"lazy\" decoding=\"async\" width=\"1024\" height=\"768\" src=\"https:\/\/zem.utcluj.ro\/2019\/wp-content\/uploads\/2019\/04\/rm_6-1024x768.jpg\" alt=\"\" data-id=\"399\" data-link=\"https:\/\/zem.utcluj.ro\/2019\/sectiuni-concurs\/roboti-mobili\/rm_6\/\" class=\"wp-image-399\" srcset=\"https:\/\/zem.utcluj.ro\/2019\/wp-content\/uploads\/2019\/04\/rm_6-1024x768.jpg 1024w, https:\/\/zem.utcluj.ro\/2019\/wp-content\/uploads\/2019\/04\/rm_6-300x225.jpg 300w, https:\/\/zem.utcluj.ro\/2019\/wp-content\/uploads\/2019\/04\/rm_6-768x576.jpg 768w, https:\/\/zem.utcluj.ro\/2019\/wp-content\/uploads\/2019\/04\/rm_6-1440x1080.jpg 1440w\" sizes=\"auto, (max-width: 1024px) 100vw, 1024px\" \/><\/a><\/figure><\/li><\/ul>\n","protected":false},"excerpt":{"rendered":"<p>Concurs Na\u021bional de Robo\u021bi Mobili Concursul de robo\u021bi mobili urm\u0103re\u0219te identificarea \u0219i premierea celor mai bune echipe studen\u021be\u0219ti de proiectan\u021bi \u0219i programatori de platforme mobile autonome (robo\u021bi mobili). O echip\u0103 se va prezenta \u00een concurs cu un singur tip de platform\u0103 cu care va participa la toate probele. Echipele trebuie s\u0103 proiecteze, s\u0103 realizeze \u0219i&hellip; <br \/> <a class=\"read-more\" href=\"https:\/\/zem.utcluj.ro\/2019\/sectiuni-concurs\/roboti-mobili\/\">Read more<\/a><\/p>\n","protected":false},"author":1,"featured_media":0,"parent":22,"menu_order":1,"comment_status":"closed","ping_status":"closed","template":"page-templates\/page-with-left-sidebar.php","meta":{"footnotes":""},"class_list":["post-33","page","type-page","status-publish","hentry"],"yoast_head":"<!-- This site is optimized with the Yoast SEO plugin v23.9 - https:\/\/yoast.com\/wordpress\/plugins\/seo\/ -->\n<title>Robo\u021bi mobili - ZEM 2019 - Zilele Educatiei Mecatronice 2019<\/title>\n<meta name=\"robots\" content=\"index, follow, max-snippet:-1, max-image-preview:large, max-video-preview:-1\" \/>\n<link rel=\"canonical\" href=\"https:\/\/zem.utcluj.ro\/2019\/sectiuni-concurs\/roboti-mobili\/\" \/>\n<meta property=\"og:locale\" content=\"en_US\" \/>\n<meta property=\"og:type\" content=\"article\" \/>\n<meta property=\"og:title\" content=\"Robo\u021bi mobili - ZEM 2019 - Zilele Educatiei Mecatronice 2019\" \/>\n<meta property=\"og:description\" content=\"Concurs Na\u021bional de Robo\u021bi Mobili Concursul de robo\u021bi mobili urm\u0103re\u0219te identificarea \u0219i premierea celor mai bune echipe studen\u021be\u0219ti de proiectan\u021bi \u0219i programatori de platforme mobile autonome (robo\u021bi mobili). O echip\u0103 se va prezenta \u00een concurs cu un singur tip de platform\u0103 cu care va participa la toate probele. Echipele trebuie s\u0103 proiecteze, s\u0103 realizeze \u0219i&hellip; Read more\" \/>\n<meta property=\"og:url\" content=\"https:\/\/zem.utcluj.ro\/2019\/sectiuni-concurs\/roboti-mobili\/\" \/>\n<meta property=\"og:site_name\" content=\"ZEM 2019 - Zilele Educatiei Mecatronice 2019\" \/>\n<meta property=\"article:modified_time\" content=\"2019-04-14T17:34:58+00:00\" \/>\n<meta property=\"og:image\" content=\"https:\/\/zem.utcluj.ro\/2019\/wp-content\/uploads\/2019\/04\/rm_1.jpg\" \/>\n\t<meta property=\"og:image:width\" content=\"3264\" \/>\n\t<meta property=\"og:image:height\" content=\"2448\" \/>\n\t<meta property=\"og:image:type\" content=\"image\/jpeg\" \/>\n<meta name=\"twitter:card\" content=\"summary_large_image\" \/>\n<meta name=\"twitter:label1\" content=\"Est. reading time\" \/>\n\t<meta name=\"twitter:data1\" content=\"1 minute\" \/>\n<script type=\"application\/ld+json\" class=\"yoast-schema-graph\">{\"@context\":\"https:\/\/schema.org\",\"@graph\":[{\"@type\":\"WebPage\",\"@id\":\"https:\/\/zem.utcluj.ro\/2019\/sectiuni-concurs\/roboti-mobili\/\",\"url\":\"https:\/\/zem.utcluj.ro\/2019\/sectiuni-concurs\/roboti-mobili\/\",\"name\":\"Robo\u021bi mobili - ZEM 2019 - Zilele Educatiei Mecatronice 2019\",\"isPartOf\":{\"@id\":\"https:\/\/zem.utcluj.ro\/2019\/#website\"},\"primaryImageOfPage\":{\"@id\":\"https:\/\/zem.utcluj.ro\/2019\/sectiuni-concurs\/roboti-mobili\/#primaryimage\"},\"image\":{\"@id\":\"https:\/\/zem.utcluj.ro\/2019\/sectiuni-concurs\/roboti-mobili\/#primaryimage\"},\"thumbnailUrl\":\"https:\/\/zem.utcluj.ro\/2019\/wp-content\/uploads\/2019\/04\/rm_1-1024x768.jpg\",\"datePublished\":\"2019-04-08T12:24:42+00:00\",\"dateModified\":\"2019-04-14T17:34:58+00:00\",\"breadcrumb\":{\"@id\":\"https:\/\/zem.utcluj.ro\/2019\/sectiuni-concurs\/roboti-mobili\/#breadcrumb\"},\"inLanguage\":\"en-US\",\"potentialAction\":[{\"@type\":\"ReadAction\",\"target\":[\"https:\/\/zem.utcluj.ro\/2019\/sectiuni-concurs\/roboti-mobili\/\"]}]},{\"@type\":\"ImageObject\",\"inLanguage\":\"en-US\",\"@id\":\"https:\/\/zem.utcluj.ro\/2019\/sectiuni-concurs\/roboti-mobili\/#primaryimage\",\"url\":\"https:\/\/zem.utcluj.ro\/2019\/wp-content\/uploads\/2019\/04\/rm_1-1024x768.jpg\",\"contentUrl\":\"https:\/\/zem.utcluj.ro\/2019\/wp-content\/uploads\/2019\/04\/rm_1-1024x768.jpg\"},{\"@type\":\"BreadcrumbList\",\"@id\":\"https:\/\/zem.utcluj.ro\/2019\/sectiuni-concurs\/roboti-mobili\/#breadcrumb\",\"itemListElement\":[{\"@type\":\"ListItem\",\"position\":1,\"name\":\"Home\",\"item\":\"https:\/\/zem.utcluj.ro\/2019\/\"},{\"@type\":\"ListItem\",\"position\":2,\"name\":\"Sec\u021biuni Concurs\",\"item\":\"https:\/\/zem.utcluj.ro\/2019\/sectiuni-concurs\/\"},{\"@type\":\"ListItem\",\"position\":3,\"name\":\"Robo\u021bi mobili\"}]},{\"@type\":\"WebSite\",\"@id\":\"https:\/\/zem.utcluj.ro\/2019\/#website\",\"url\":\"https:\/\/zem.utcluj.ro\/2019\/\",\"name\":\"ZEM 2019 - Zilele Educatiei Mecatronice 2019\",\"description\":\"Concursul National de Mecatronica - Editia a X-a\",\"publisher\":{\"@id\":\"https:\/\/zem.utcluj.ro\/2019\/#organization\"},\"potentialAction\":[{\"@type\":\"SearchAction\",\"target\":{\"@type\":\"EntryPoint\",\"urlTemplate\":\"https:\/\/zem.utcluj.ro\/2019\/?s={search_term_string}\"},\"query-input\":{\"@type\":\"PropertyValueSpecification\",\"valueRequired\":true,\"valueName\":\"search_term_string\"}}],\"inLanguage\":\"en-US\"},{\"@type\":\"Organization\",\"@id\":\"https:\/\/zem.utcluj.ro\/2019\/#organization\",\"name\":\"Technical University of Cluj-Napoca\",\"url\":\"https:\/\/zem.utcluj.ro\/2019\/\",\"logo\":{\"@type\":\"ImageObject\",\"inLanguage\":\"en-US\",\"@id\":\"https:\/\/zem.utcluj.ro\/2019\/#\/schema\/logo\/image\/\",\"url\":\"https:\/\/zem.utcluj.ro\/2019\/wp-content\/uploads\/2019\/04\/logo-zem.png\",\"contentUrl\":\"https:\/\/zem.utcluj.ro\/2019\/wp-content\/uploads\/2019\/04\/logo-zem.png\",\"width\":440,\"height\":185,\"caption\":\"Technical University of Cluj-Napoca\"},\"image\":{\"@id\":\"https:\/\/zem.utcluj.ro\/2019\/#\/schema\/logo\/image\/\"}}]}<\/script>\n<!-- \/ Yoast SEO plugin. -->","yoast_head_json":{"title":"Robo\u021bi mobili - ZEM 2019 - Zilele Educatiei Mecatronice 2019","robots":{"index":"index","follow":"follow","max-snippet":"max-snippet:-1","max-image-preview":"max-image-preview:large","max-video-preview":"max-video-preview:-1"},"canonical":"https:\/\/zem.utcluj.ro\/2019\/sectiuni-concurs\/roboti-mobili\/","og_locale":"en_US","og_type":"article","og_title":"Robo\u021bi mobili - ZEM 2019 - Zilele Educatiei Mecatronice 2019","og_description":"Concurs Na\u021bional de Robo\u021bi Mobili Concursul de robo\u021bi mobili urm\u0103re\u0219te identificarea \u0219i premierea celor mai bune echipe studen\u021be\u0219ti de proiectan\u021bi \u0219i programatori de platforme mobile autonome (robo\u021bi mobili). O echip\u0103 se va prezenta \u00een concurs cu un singur tip de platform\u0103 cu care va participa la toate probele. Echipele trebuie s\u0103 proiecteze, s\u0103 realizeze \u0219i&hellip; Read more","og_url":"https:\/\/zem.utcluj.ro\/2019\/sectiuni-concurs\/roboti-mobili\/","og_site_name":"ZEM 2019 - Zilele Educatiei Mecatronice 2019","article_modified_time":"2019-04-14T17:34:58+00:00","og_image":[{"width":3264,"height":2448,"url":"https:\/\/zem.utcluj.ro\/2019\/wp-content\/uploads\/2019\/04\/rm_1.jpg","type":"image\/jpeg"}],"twitter_card":"summary_large_image","twitter_misc":{"Est. reading time":"1 minute"},"schema":{"@context":"https:\/\/schema.org","@graph":[{"@type":"WebPage","@id":"https:\/\/zem.utcluj.ro\/2019\/sectiuni-concurs\/roboti-mobili\/","url":"https:\/\/zem.utcluj.ro\/2019\/sectiuni-concurs\/roboti-mobili\/","name":"Robo\u021bi mobili - ZEM 2019 - Zilele Educatiei Mecatronice 2019","isPartOf":{"@id":"https:\/\/zem.utcluj.ro\/2019\/#website"},"primaryImageOfPage":{"@id":"https:\/\/zem.utcluj.ro\/2019\/sectiuni-concurs\/roboti-mobili\/#primaryimage"},"image":{"@id":"https:\/\/zem.utcluj.ro\/2019\/sectiuni-concurs\/roboti-mobili\/#primaryimage"},"thumbnailUrl":"https:\/\/zem.utcluj.ro\/2019\/wp-content\/uploads\/2019\/04\/rm_1-1024x768.jpg","datePublished":"2019-04-08T12:24:42+00:00","dateModified":"2019-04-14T17:34:58+00:00","breadcrumb":{"@id":"https:\/\/zem.utcluj.ro\/2019\/sectiuni-concurs\/roboti-mobili\/#breadcrumb"},"inLanguage":"en-US","potentialAction":[{"@type":"ReadAction","target":["https:\/\/zem.utcluj.ro\/2019\/sectiuni-concurs\/roboti-mobili\/"]}]},{"@type":"ImageObject","inLanguage":"en-US","@id":"https:\/\/zem.utcluj.ro\/2019\/sectiuni-concurs\/roboti-mobili\/#primaryimage","url":"https:\/\/zem.utcluj.ro\/2019\/wp-content\/uploads\/2019\/04\/rm_1-1024x768.jpg","contentUrl":"https:\/\/zem.utcluj.ro\/2019\/wp-content\/uploads\/2019\/04\/rm_1-1024x768.jpg"},{"@type":"BreadcrumbList","@id":"https:\/\/zem.utcluj.ro\/2019\/sectiuni-concurs\/roboti-mobili\/#breadcrumb","itemListElement":[{"@type":"ListItem","position":1,"name":"Home","item":"https:\/\/zem.utcluj.ro\/2019\/"},{"@type":"ListItem","position":2,"name":"Sec\u021biuni Concurs","item":"https:\/\/zem.utcluj.ro\/2019\/sectiuni-concurs\/"},{"@type":"ListItem","position":3,"name":"Robo\u021bi mobili"}]},{"@type":"WebSite","@id":"https:\/\/zem.utcluj.ro\/2019\/#website","url":"https:\/\/zem.utcluj.ro\/2019\/","name":"ZEM 2019 - Zilele Educatiei Mecatronice 2019","description":"Concursul National de Mecatronica - Editia a X-a","publisher":{"@id":"https:\/\/zem.utcluj.ro\/2019\/#organization"},"potentialAction":[{"@type":"SearchAction","target":{"@type":"EntryPoint","urlTemplate":"https:\/\/zem.utcluj.ro\/2019\/?s={search_term_string}"},"query-input":{"@type":"PropertyValueSpecification","valueRequired":true,"valueName":"search_term_string"}}],"inLanguage":"en-US"},{"@type":"Organization","@id":"https:\/\/zem.utcluj.ro\/2019\/#organization","name":"Technical University of Cluj-Napoca","url":"https:\/\/zem.utcluj.ro\/2019\/","logo":{"@type":"ImageObject","inLanguage":"en-US","@id":"https:\/\/zem.utcluj.ro\/2019\/#\/schema\/logo\/image\/","url":"https:\/\/zem.utcluj.ro\/2019\/wp-content\/uploads\/2019\/04\/logo-zem.png","contentUrl":"https:\/\/zem.utcluj.ro\/2019\/wp-content\/uploads\/2019\/04\/logo-zem.png","width":440,"height":185,"caption":"Technical University of Cluj-Napoca"},"image":{"@id":"https:\/\/zem.utcluj.ro\/2019\/#\/schema\/logo\/image\/"}}]}},"_links":{"self":[{"href":"https:\/\/zem.utcluj.ro\/2019\/wp-json\/wp\/v2\/pages\/33","targetHints":{"allow":["GET"]}}],"collection":[{"href":"https:\/\/zem.utcluj.ro\/2019\/wp-json\/wp\/v2\/pages"}],"about":[{"href":"https:\/\/zem.utcluj.ro\/2019\/wp-json\/wp\/v2\/types\/page"}],"author":[{"embeddable":true,"href":"https:\/\/zem.utcluj.ro\/2019\/wp-json\/wp\/v2\/users\/1"}],"replies":[{"embeddable":true,"href":"https:\/\/zem.utcluj.ro\/2019\/wp-json\/wp\/v2\/comments?post=33"}],"version-history":[{"count":12,"href":"https:\/\/zem.utcluj.ro\/2019\/wp-json\/wp\/v2\/pages\/33\/revisions"}],"predecessor-version":[{"id":455,"href":"https:\/\/zem.utcluj.ro\/2019\/wp-json\/wp\/v2\/pages\/33\/revisions\/455"}],"up":[{"embeddable":true,"href":"https:\/\/zem.utcluj.ro\/2019\/wp-json\/wp\/v2\/pages\/22"}],"wp:attachment":[{"href":"https:\/\/zem.utcluj.ro\/2019\/wp-json\/wp\/v2\/media?parent=33"}],"curies":[{"name":"wp","href":"https:\/\/api.w.org\/{rel}","templated":true}]}}